{"id":1018,"date":"2023-04-27T12:47:00","date_gmt":"2023-04-27T10:47:00","guid":{"rendered":"https:\/\/luisbeltingsolutions.com\/?page_id=1018"},"modified":"2023-06-24T10:29:30","modified_gmt":"2023-06-24T08:29:30","slug":"unternehmen","status":"publish","type":"page","link":"https:\/\/luisbeltingsolutions.com\/eng\/unternehmen\/","title":{"rendered":"Unternehmen"},"content":{"rendered":"<div data-elementor-type=\"wp-page\" data-elementor-id=\"1018\" class=\"elementor elementor-1018\">\n\t\t\t\t\t\t\t<div class=\"elementor-element elementor-element-72c1ed8 e-con-full e-flex e-con\" data-id=\"72c1ed8\" data-element_type=\"container\" data-settings=\"{&quot;background_background&quot;:&quot;video&quot;,&quot;background_video_link&quot;:&quot;https:\\\/\\\/luisbeltingsolutions.com\\\/wp-content\\\/uploads\\\/2023\\\/05\\\/Unternehmen_Video-\\u2013-Mit-Clipchamp-erstellt.mp4&quot;,&quot;background_play_on_mobile&quot;:&quot;yes&quot;,&quot;content_width&quot;:&quot;full&quot;}\">\n\t\t<div class=\"elementor-background-video-container\">\n\t\t\t\t\t\t\t<video class=\"elementor-background-video-hosted elementor-html5-video\" autoplay muted playsinline loop><\/video>\n\t\t\t\t\t<\/div><div class=\"elementor-element elementor-element-52df4b8 e-con-full dark-container e-flex e-con\" data-id=\"52df4b8\" data-element_type=\"container\" data-settings=\"{&quot;content_width&quot;:&quot;full&quot;}\">\n\t\t<div class=\"elementor-element elementor-element-97e2fb6 e-con-full e-flex e-con\" data-id=\"97e2fb6\" data-element_type=\"container\" data-settings=\"{&quot;content_width&quot;:&quot;full&quot;}\">\n\t\t\t\t<div class=\"elementor-element elementor-element-de02803 animated-fast elementor-invisible elementor-widget elementor-widget-heading\" data-id=\"de02803\" data-element_type=\"widget\" data-settings=\"{&quot;_animation&quot;:&quot;slideInUp&quot;,&quot;_animation_mobile&quot;:&quot;none&quot;}\" data-widget_type=\"heading.default\">\n\t\t\t\t<div class=\"elementor-widget-container\">\n\t\t\t<style>\/*! elementor - v3.13.2 - 11-05-2023 *\/\n.elementor-heading-title{padding:0;margin:0;line-height:1}.elementor-widget-heading .elementor-heading-title[class*=elementor-size-]>a{color:inherit;font-size:inherit;line-height:inherit}.elementor-widget-heading .elementor-heading-title.elementor-size-small{font-size:15px}.elementor-widget-heading .elementor-heading-title.elementor-size-medium{font-size:19px}.elementor-widget-heading .elementor-heading-title.elementor-size-large{font-size:29px}.elementor-widget-heading .elementor-heading-title.elementor-size-xl{font-size:39px}.elementor-widget-heading .elementor-heading-title.elementor-size-xxl{font-size:59px}<\/style><h2 class=\"elementor-heading-title elementor-size-xxl\">Efficiency in <div style=\"background-color: #005be4;display: inline;\">motion<\/div><span style=\"font-family: helvetica;\">.<\/span><\/h2>\t\t<\/div>\n\t\t\t\t<\/div>\n\t\t\t\t<div class=\"elementor-element elementor-element-cc7db70 elementor-widget__width-inherit elementor-widget elementor-widget-text-editor\" data-id=\"cc7db70\" data-element_type=\"widget\" data-widget_type=\"text-editor.default\">\n\t\t\t\t<div class=\"elementor-widget-container\">\n\t\t\t<style>\/*! elementor - v3.13.2 - 11-05-2023 *\/\n.elementor-widget-text-editor.elementor-drop-cap-view-stacked .elementor-drop-cap{background-color:#69727d;color:#fff}.elementor-widget-text-editor.elementor-drop-cap-view-framed .elementor-drop-cap{color:#69727d;border:3px solid;background-color:transparent}.elementor-widget-text-editor:not(.elementor-drop-cap-view-default) .elementor-drop-cap{margin-top:8px}.elementor-widget-text-editor:not(.elementor-drop-cap-view-default) .elementor-drop-cap-letter{width:1em;height:1em}.elementor-widget-text-editor .elementor-drop-cap{float:left;text-align:center;line-height:1;font-size:50px}.elementor-widget-text-editor .elementor-drop-cap-letter{display:inline-block}<\/style>\t\t\t\t<p>For over 20 years, we have been producing plastic drive and transport elements for all industrial sectors in\nBaden-W\u00fcrttemberg. Through consistent specialization and a high level of innovation, we have developed\ncomprehensive expertise in this field, which is reflected in the outstanding quality of our products and\nservices. The enthusiasm and loyalty of our long-standing customers are the basis of our success and\nmotivation for us every day.<\/p>\t\t\t\t\t\t<\/div>\n\t\t\t\t<\/div>\n\t\t\t\t<\/div>\n\t\t\t\t<\/div>\n\t\t\t\t<\/div>\n\t\t<div class=\"elementor-element elementor-element-9b4b1c4 e-con-full e-flex e-con\" data-id=\"9b4b1c4\" data-element_type=\"container\" data-settings=\"{&quot;content_width&quot;:&quot;full&quot;,&quot;background_background&quot;:&quot;classic&quot;}\">\n\t\t<div class=\"elementor-element elementor-element-417f10b e-con-full e-flex e-con\" data-id=\"417f10b\" data-element_type=\"container\" data-settings=\"{&quot;content_width&quot;:&quot;full&quot;,&quot;background_background&quot;:&quot;classic&quot;}\">\n\t\t<div class=\"elementor-element elementor-element-5122caa e-con-full e-flex e-con\" data-id=\"5122caa\" data-element_type=\"container\" data-settings=\"{&quot;content_width&quot;:&quot;full&quot;}\">\n\t\t\t\t<div class=\"elementor-element elementor-element-eaa323f elementor-widget elementor-widget-image\" data-id=\"eaa323f\" data-element_type=\"widget\" data-widget_type=\"image.default\">\n\t\t\t\t<div class=\"elementor-widget-container\">\n\t\t\t<style>\/*! elementor - v3.13.2 - 11-05-2023 *\/\n.elementor-widget-image{text-align:center}.elementor-widget-image a{display:inline-block}.elementor-widget-image a img[src$=\".svg\"]{width:48px}.elementor-widget-image img{vertical-align:middle;display:inline-block}<\/style>\t\t\t\t\t\t\t\t\t\t\t\t<img decoding=\"async\" width=\"845\" height=\"150\" src=\"https:\/\/luisbeltingsolutions.com\/wp-content\/uploads\/2023\/03\/logo_white.png\" class=\"attachment-large size-large wp-image-300\" alt=\"\" loading=\"lazy\" srcset=\"https:\/\/luisbeltingsolutions.com\/wp-content\/uploads\/2023\/03\/logo_white.png 845w, https:\/\/luisbeltingsolutions.com\/wp-content\/uploads\/2023\/03\/logo_white-300x53.png 300w, https:\/\/luisbeltingsolutions.com\/wp-content\/uploads\/2023\/03\/logo_white-768x136.png 768w\" sizes=\"(max-width: 845px) 100vw, 845px\" \/>\t\t\t\t\t\t\t\t\t\t\t\t\t\t\t<\/div>\n\t\t\t\t<\/div>\n\t\t\t\t<\/div>\n\t\t<div class=\"elementor-element elementor-element-d29e88d e-con-full e-flex e-con\" data-id=\"d29e88d\" data-element_type=\"container\" data-settings=\"{&quot;content_width&quot;:&quot;full&quot;}\">\n\t\t\t\t<div class=\"elementor-element elementor-element-51e368d elementor-widget elementor-widget-text-editor\" data-id=\"51e368d\" data-element_type=\"widget\" data-widget_type=\"text-editor.default\">\n\t\t\t\t<div class=\"elementor-widget-container\">\n\t\t\t\t\t\t\t<p><b>From Germany to the whole world <br><\/b> Luisbeltingsolutins GmbH<br>Robert-Bosch-Str. 5, 72654<br>Neckartenzlingen Germany<\/p>\t\t\t\t\t\t<\/div>\n\t\t\t\t<\/div>\n\t\t\t\t<\/div>\n\t\t<div class=\"elementor-element elementor-element-6d3385d e-con-full e-flex e-con\" data-id=\"6d3385d\" data-element_type=\"container\" data-settings=\"{&quot;content_width&quot;:&quot;full&quot;}\">\n\t\t\t\t<div class=\"elementor-element elementor-element-895ca76 elementor-widget elementor-widget-text-editor\" data-id=\"895ca76\" data-element_type=\"widget\" data-widget_type=\"text-editor.default\">\n\t\t\t\t<div class=\"elementor-widget-container\">\n\t\t\t\t\t\t\t<p>Tel.: +49 7127 \/ 98 01 83<br>Fax: +49 7127 \/ 98 03 83<br>Mobil: +49 160 \/ 90 32 80 27<br>info@luisbeltingsolutions.com<\/p>\t\t\t\t\t\t<\/div>\n\t\t\t\t<\/div>\n\t\t\t\t<\/div>\n\t\t<div class=\"elementor-element elementor-element-bccddcb e-con-full e-flex e-con\" data-id=\"bccddcb\" data-element_type=\"container\" data-settings=\"{&quot;content_width&quot;:&quot;full&quot;}\">\n\t\t\t\t<div class=\"elementor-element elementor-element-d9b84dd elementor-widget elementor-widget-text-editor\" data-id=\"d9b84dd\" data-element_type=\"widget\" data-widget_type=\"text-editor.default\">\n\t\t\t\t<div class=\"elementor-widget-container\">\n\t\t\t\t\t\t\t<p><a style=\"color: #fff;\" href=\"https:\/\/luisbeltingsolutions.com\/eng\/agb\/\">Terms and conditions<\/a><br \/><a style=\"color: #fff;\" href=\"https:\/\/luisbeltingsolutions.com\/eng\/datenschutz\/\">Legal Disclaimer<\/a><br \/><a style=\"color: #fff;\" href=\"https:\/\/luisbeltingsolutions.com\/eng\/impressum\/\">Legal Notice<\/a><\/p>\t\t\t\t\t\t<\/div>\n\t\t\t\t<\/div>\n\t\t\t\t<div class=\"elementor-element elementor-element-8469b3c elementor-view-default elementor-widget elementor-widget-icon\" data-id=\"8469b3c\" data-element_type=\"widget\" data-widget_type=\"icon.default\">\n\t\t\t\t<div class=\"elementor-widget-container\">\n\t\t\t\t\t<div class=\"elementor-icon-wrapper\">\n\t\t\t<a class=\"elementor-icon\" href=\"https:\/\/instagram.com\/luisbeltingsolutions?igshid=NTc4MTIwNjQ2YQ==\">\n\t\t\t<i aria-hidden=\"true\" class=\"fab fa-instagram\"><\/i>\t\t\t<\/a>\n\t\t<\/div>\n\t\t\t\t<\/div>\n\t\t\t\t<\/div>\n\t\t\t\t<\/div>\n\t\t\t\t<\/div>\n\t\t\t\t<\/div>\n\t\t\t\t\t\t\t<\/div>","protected":false},"excerpt":{"rendered":"<p>Effizienz in Bewegung. Seit \u00fcber 20 Jahren produzieren wir in Baden-W\u00fcrttemberg Antriebs- und Transportelemente aus Kunststoff f\u00fcr alle Industriebereiche. Durch konsequente Spezialisierung und hohe Innovationsbereitschaft haben wir uns ein umfassendes Know-how auf diesem Gebiet erarbeitet, das sich in der herausragenden Qualit\u00e4t unserer Produkte und Dienstleistungen widerspiegelt. Die Begeisterung und Loyalit\u00e4t unserer langj\u00e4hrigen Kunden ist die Basis unseres Erfolges und Motivation f\u00fcr uns jeden Tag aufs Neue. Von Deutschland in die ganze Welt Luisbeltingsolutins GmbHRobert-Bosch-Str. 5, 72654Neckartenzlingen Germany Tel.: +49 7127 \/ 98 01 83Fax: +49 7127 \/ 98 03 83Mobil: +49 160 \/ 90 32 80 27info@luisbeltingsolutions.com AGBDatenschutzImpressum<\/p>","protected":false},"author":1,"featured_media":0,"parent":0,"menu_order":0,"comment_status":"closed","ping_status":"closed","template":"","meta":[],"blocksy_meta":"","yoast_head":"<!-- This site is optimized with the Yoast SEO plugin v20.7 - https:\/\/yoast.com\/wordpress\/plugins\/seo\/ -->\n<title>Unternehmen | Luisbeltingsolutions<\/title>\n<meta name=\"description\" content=\"Seit \u00fcber 20 Jahren produzieren wir in unserem Unternehmen in Baden-W\u00fcrttemberg Antriebs- und Transportelemente f\u00fcr alle Industriebereiche.\" \/>\n<meta name=\"robots\" content=\"index, follow, max-snippet:-1, max-image-preview:large, max-video-preview:-1\" \/>\n<link rel=\"canonical\" href=\"https:\/\/luisbeltingsolutions.com\/eng\/unternehmen\/\" \/>\n<meta property=\"og:locale\" content=\"en_GB\" \/>\n<meta property=\"og:type\" content=\"article\" \/>\n<meta property=\"og:title\" content=\"Unternehmen | Luisbeltingsolutions\" \/>\n<meta property=\"og:description\" content=\"Seit \u00fcber 20 Jahren produzieren wir in unserem Unternehmen in Baden-W\u00fcrttemberg Antriebs- und Transportelemente f\u00fcr alle Industriebereiche.\" \/>\n<meta property=\"og:url\" content=\"https:\/\/luisbeltingsolutions.com\/eng\/unternehmen\/\" \/>\n<meta property=\"og:site_name\" content=\"Topanbieter f\u00fcr F\u00f6rder- und Antriebsb\u00e4nder Baden-W\u00fcrttemberg | Luis Belting Solutions\" \/>\n<meta property=\"article:modified_time\" content=\"2023-06-24T08:29:30+00:00\" \/>\n<meta property=\"og:image\" content=\"https:\/\/luisbeltingsolutions.com\/wp-content\/uploads\/2023\/03\/logo_white.png\" \/>\n<meta name=\"twitter:card\" content=\"summary_large_image\" \/>\n<meta name=\"twitter:label1\" content=\"Estimated reading time\" \/>\n\t<meta name=\"twitter:data1\" content=\"1 minute\" \/>\n<script type=\"application\/ld+json\" class=\"yoast-schema-graph\">{\"@context\":\"https:\/\/schema.org\",\"@graph\":[{\"@type\":\"WebPage\",\"@id\":\"https:\/\/luisbeltingsolutions.com\/unternehmen\/\",\"url\":\"https:\/\/luisbeltingsolutions.com\/unternehmen\/\",\"name\":\"Unternehmen | Luisbeltingsolutions\",\"isPartOf\":{\"@id\":\"https:\/\/luisbeltingsolutions.com\/#website\"},\"datePublished\":\"2023-04-27T10:47:00+00:00\",\"dateModified\":\"2023-06-24T08:29:30+00:00\",\"description\":\"Seit \u00fcber 20 Jahren produzieren wir in unserem Unternehmen in Baden-W\u00fcrttemberg Antriebs- und Transportelemente f\u00fcr alle Industriebereiche.\",\"breadcrumb\":{\"@id\":\"https:\/\/luisbeltingsolutions.com\/unternehmen\/#breadcrumb\"},\"inLanguage\":\"en-GB\",\"potentialAction\":[{\"@type\":\"ReadAction\",\"target\":[\"https:\/\/luisbeltingsolutions.com\/unternehmen\/\"]}]},{\"@type\":\"BreadcrumbList\",\"@id\":\"https:\/\/luisbeltingsolutions.com\/unternehmen\/#breadcrumb\",\"itemListElement\":[{\"@type\":\"ListItem\",\"position\":1,\"name\":\"Startseite\",\"item\":\"https:\/\/luisbeltingsolutions.com\/\"},{\"@type\":\"ListItem\",\"position\":2,\"name\":\"Unternehmen\"}]},{\"@type\":\"WebSite\",\"@id\":\"https:\/\/luisbeltingsolutions.com\/#website\",\"url\":\"https:\/\/luisbeltingsolutions.com\/\",\"name\":\"Topanbieter f\u00fcr F\u00f6rder- und Antriebsb\u00e4nder Baden-W\u00fcrttemberg | Luis Belting Solutions\",\"description\":\"Wir bieten unserem Kundenstamm ein kompetentes Leistungspaket mit individueller Beratung und Service vor Ort\",\"publisher\":{\"@id\":\"https:\/\/luisbeltingsolutions.com\/#organization\"},\"potentialAction\":[{\"@type\":\"SearchAction\",\"target\":{\"@type\":\"EntryPoint\",\"urlTemplate\":\"https:\/\/luisbeltingsolutions.com\/?s={search_term_string}\"},\"query-input\":\"required name=search_term_string\"}],\"inLanguage\":\"en-GB\"},{\"@type\":\"Organization\",\"@id\":\"https:\/\/luisbeltingsolutions.com\/#organization\",\"name\":\"Topanbieter f\u00fcr F\u00f6rder- und Antriebsb\u00e4nder Baden-W\u00fcrttemberg | Luis Belting Solutions\",\"url\":\"https:\/\/luisbeltingsolutions.com\/\",\"logo\":{\"@type\":\"ImageObject\",\"inLanguage\":\"en-GB\",\"@id\":\"https:\/\/luisbeltingsolutions.com\/#\/schema\/logo\/image\/\",\"url\":\"https:\/\/luisbeltingsolutions.com\/wp-content\/uploads\/2023\/02\/Element-2.png\",\"contentUrl\":\"https:\/\/luisbeltingsolutions.com\/wp-content\/uploads\/2023\/02\/Element-2.png\",\"width\":845,\"height\":150,\"caption\":\"Topanbieter f\u00fcr F\u00f6rder- und Antriebsb\u00e4nder Baden-W\u00fcrttemberg | Luis Belting Solutions\"},\"image\":{\"@id\":\"https:\/\/luisbeltingsolutions.com\/#\/schema\/logo\/image\/\"}}]}<\/script>\n<!-- \/ Yoast SEO plugin. -->","yoast_head_json":{"title":"Unternehmen | Luisbeltingsolutions","description":"Seit \u00fcber 20 Jahren produzieren wir in unserem Unternehmen in Baden-W\u00fcrttemberg Antriebs- und Transportelemente f\u00fcr alle Industriebereiche.","robots":{"index":"index","follow":"follow","max-snippet":"max-snippet:-1","max-image-preview":"max-image-preview:large","max-video-preview":"max-video-preview:-1"},"canonical":"https:\/\/luisbeltingsolutions.com\/eng\/unternehmen\/","og_locale":"en_GB","og_type":"article","og_title":"Unternehmen | Luisbeltingsolutions","og_description":"Seit \u00fcber 20 Jahren produzieren wir in unserem Unternehmen in Baden-W\u00fcrttemberg Antriebs- und Transportelemente f\u00fcr alle Industriebereiche.","og_url":"https:\/\/luisbeltingsolutions.com\/eng\/unternehmen\/","og_site_name":"Topanbieter f\u00fcr F\u00f6rder- und Antriebsb\u00e4nder Baden-W\u00fcrttemberg | Luis Belting Solutions","article_modified_time":"2023-06-24T08:29:30+00:00","og_image":[{"url":"https:\/\/luisbeltingsolutions.com\/wp-content\/uploads\/2023\/03\/logo_white.png"}],"twitter_card":"summary_large_image","twitter_misc":{"Estimated reading time":"1 minute"},"schema":{"@context":"https:\/\/schema.org","@graph":[{"@type":"WebPage","@id":"https:\/\/luisbeltingsolutions.com\/unternehmen\/","url":"https:\/\/luisbeltingsolutions.com\/unternehmen\/","name":"Unternehmen | Luisbeltingsolutions","isPartOf":{"@id":"https:\/\/luisbeltingsolutions.com\/#website"},"datePublished":"2023-04-27T10:47:00+00:00","dateModified":"2023-06-24T08:29:30+00:00","description":"Seit \u00fcber 20 Jahren produzieren wir in unserem Unternehmen in Baden-W\u00fcrttemberg Antriebs- und Transportelemente f\u00fcr alle Industriebereiche.","breadcrumb":{"@id":"https:\/\/luisbeltingsolutions.com\/unternehmen\/#breadcrumb"},"inLanguage":"en-GB","potentialAction":[{"@type":"ReadAction","target":["https:\/\/luisbeltingsolutions.com\/unternehmen\/"]}]},{"@type":"BreadcrumbList","@id":"https:\/\/luisbeltingsolutions.com\/unternehmen\/#breadcrumb","itemListElement":[{"@type":"ListItem","position":1,"name":"Startseite","item":"https:\/\/luisbeltingsolutions.com\/"},{"@type":"ListItem","position":2,"name":"Unternehmen"}]},{"@type":"WebSite","@id":"https:\/\/luisbeltingsolutions.com\/#website","url":"https:\/\/luisbeltingsolutions.com\/","name":"Topanbieter f\u00fcr F\u00f6rder- und Antriebsb\u00e4nder Baden-W\u00fcrttemberg | Luis Belting Solutions","description":"Wir bieten unserem Kundenstamm ein kompetentes Leistungspaket mit individueller Beratung und Service vor Ort","publisher":{"@id":"https:\/\/luisbeltingsolutions.com\/#organization"},"potentialAction":[{"@type":"SearchAction","target":{"@type":"EntryPoint","urlTemplate":"https:\/\/luisbeltingsolutions.com\/?s={search_term_string}"},"query-input":"required name=search_term_string"}],"inLanguage":"en-GB"},{"@type":"Organization","@id":"https:\/\/luisbeltingsolutions.com\/#organization","name":"Topanbieter f\u00fcr F\u00f6rder- und Antriebsb\u00e4nder Baden-W\u00fcrttemberg | Luis Belting Solutions","url":"https:\/\/luisbeltingsolutions.com\/","logo":{"@type":"ImageObject","inLanguage":"en-GB","@id":"https:\/\/luisbeltingsolutions.com\/#\/schema\/logo\/image\/","url":"https:\/\/luisbeltingsolutions.com\/wp-content\/uploads\/2023\/02\/Element-2.png","contentUrl":"https:\/\/luisbeltingsolutions.com\/wp-content\/uploads\/2023\/02\/Element-2.png","width":845,"height":150,"caption":"Topanbieter f\u00fcr F\u00f6rder- und Antriebsb\u00e4nder Baden-W\u00fcrttemberg | Luis Belting Solutions"},"image":{"@id":"https:\/\/luisbeltingsolutions.com\/#\/schema\/logo\/image\/"}}]}},"_links":{"self":[{"href":"https:\/\/luisbeltingsolutions.com\/eng\/wp-json\/wp\/v2\/pages\/1018"}],"collection":[{"href":"https:\/\/luisbeltingsolutions.com\/eng\/wp-json\/wp\/v2\/pages"}],"about":[{"href":"https:\/\/luisbeltingsolutions.com\/eng\/wp-json\/wp\/v2\/types\/page"}],"author":[{"embeddable":true,"href":"https:\/\/luisbeltingsolutions.com\/eng\/wp-json\/wp\/v2\/users\/1"}],"replies":[{"embeddable":true,"href":"https:\/\/luisbeltingsolutions.com\/eng\/wp-json\/wp\/v2\/comments?post=1018"}],"version-history":[{"count":51,"href":"https:\/\/luisbeltingsolutions.com\/eng\/wp-json\/wp\/v2\/pages\/1018\/revisions"}],"predecessor-version":[{"id":1395,"href":"https:\/\/luisbeltingsolutions.com\/eng\/wp-json\/wp\/v2\/pages\/1018\/revisions\/1395"}],"wp:attachment":[{"href":"https:\/\/luisbeltingsolutions.com\/eng\/wp-json\/wp\/v2\/media?parent=1018"}],"curies":[{"name":"wp","href":"https:\/\/api.w.org\/{rel}","templated":true}]}}