{"id":366,"date":"2023-03-06T12:29:45","date_gmt":"2023-03-06T11:29:45","guid":{"rendered":"https:\/\/luisbeltingsolutions.com\/?page_id=366"},"modified":"2023-06-24T10:23:47","modified_gmt":"2023-06-24T08:23:47","slug":"datenschutz","status":"publish","type":"page","link":"https:\/\/luisbeltingsolutions.com\/eng\/datenschutz\/","title":{"rendered":"Privacy Policy"},"content":{"rendered":"<div data-elementor-type=\"wp-page\" data-elementor-id=\"366\" class=\"elementor elementor-366\">\n\t\t\t\t\t\t\t<div class=\"elementor-element elementor-element-2f735cb e-con-boxed e-flex e-con\" data-id=\"2f735cb\" data-element_type=\"container\" data-settings=\"{&quot;content_width&quot;:&quot;boxed&quot;}\">\n\t\t\t\t\t<div class=\"e-con-inner\">\n\t\t\t\t<div class=\"elementor-element elementor-element-f0e2174 elementor-widget elementor-widget-heading\" data-id=\"f0e2174\" data-element_type=\"widget\" data-widget_type=\"heading.default\">\n\t\t\t\t<div class=\"elementor-widget-container\">\n\t\t\t<style>\/*! elementor - v3.13.2 - 11-05-2023 *\/\n.elementor-heading-title{padding:0;margin:0;line-height:1}.elementor-widget-heading .elementor-heading-title[class*=elementor-size-]>a{color:inherit;font-size:inherit;line-height:inherit}.elementor-widget-heading .elementor-heading-title.elementor-size-small{font-size:15px}.elementor-widget-heading .elementor-heading-title.elementor-size-medium{font-size:19px}.elementor-widget-heading .elementor-heading-title.elementor-size-large{font-size:29px}.elementor-widget-heading .elementor-heading-title.elementor-size-xl{font-size:39px}.elementor-widget-heading .elementor-heading-title.elementor-size-xxl{font-size:59px}<\/style><h2 class=\"elementor-heading-title elementor-size-default\">Legal Disclaimer<\/h2>\t\t<\/div>\n\t\t\t\t<\/div>\n\t\t\t\t\t<\/div>\n\t\t\t\t<\/div>\n\t\t<div class=\"elementor-element elementor-element-42af656 e-con-boxed e-flex e-con\" data-id=\"42af656\" data-element_type=\"container\" data-settings=\"{&quot;content_width&quot;:&quot;boxed&quot;}\">\n\t\t\t\t\t<div class=\"e-con-inner\">\n\t\t\t\t<div class=\"elementor-element elementor-element-dc3c98b elementor-widget elementor-widget-text-editor\" data-id=\"dc3c98b\" data-element_type=\"widget\" data-widget_type=\"text-editor.default\">\n\t\t\t\t<div class=\"elementor-widget-container\">\n\t\t\t<style>\/*! elementor - v3.13.2 - 11-05-2023 *\/\n.elementor-widget-text-editor.elementor-drop-cap-view-stacked .elementor-drop-cap{background-color:#69727d;color:#fff}.elementor-widget-text-editor.elementor-drop-cap-view-framed .elementor-drop-cap{color:#69727d;border:3px solid;background-color:transparent}.elementor-widget-text-editor:not(.elementor-drop-cap-view-default) .elementor-drop-cap{margin-top:8px}.elementor-widget-text-editor:not(.elementor-drop-cap-view-default) .elementor-drop-cap-letter{width:1em;height:1em}.elementor-widget-text-editor .elementor-drop-cap{float:left;text-align:center;line-height:1;font-size:50px}.elementor-widget-text-editor .elementor-drop-cap-letter{display:inline-block}<\/style>\t\t\t\t<h5><strong>Privacy Policy<\/strong><\/h5><p>We are pleased that you are visiting our website. In the following, we would like<br \/>to inform you in accordance with Art. 13 of the General Data Protection<br \/>Regulation (GDPR) about how we handle your data.<\/p><h5><strong>Controller<\/strong><\/h5><p>The responsible entity for the data collection and processing described below is<br \/>the entity named in the website\u2019s imprint.<br \/>Data collection on our website<br \/>The data processing on this website is carried out by the website operator. The<br \/>operator\u2019s contact details can be found in the imprint of this website.<\/p><h5><strong>Usage data<\/strong><\/h5><p>Your data is collected in part by you providing us with this information. This may<br \/>involve data that you enter into a contact form.<br \/>Other data is automatically collected by our IT systems when you visit the website<br \/>These are mainly technical data<br \/>(e.g. internet browser, operating system or time of page access).<br \/>This data is collected automatically as soon as you enter our website.<br \/>What we use your data for<br \/>Some of the data is collected to ensure error-free provision of the website.<br \/>Other data may be used<br \/>to analyze your user behavior.<\/p><h5><strong>Your rights as a user<\/strong><\/h5><p>You have the right to obtain information about the origin, recipients,<br \/>and purpose of your stored personal data free of charge at any time.<br \/>You also have the right to request the correction, blocking, or deletion<br \/>of this data. For this purpose, as well as for further questions regarding data protection,<br \/>you can contact us at any time using the address given in the imprint.<br \/>Furthermore, you have the right to file a complaint with the competent supervisory authority.<br \/>You also have the right, under certain<br \/>circumstances, to request the restriction of the<br \/>processing of your personal data. For details, please refer to the Privacy Policy<br \/>under \u201eRight to Restriction of Processing\u201c.<\/p><h5><strong>General information and mandatory\ninformation<\/strong><\/h5><p>The operators of these pages take the protection of your personal data very<br \/>seriously. We treat your personal data confidentially and in accordance with the<br \/>statutory data protection regulations and this<br \/>Privacy Policy. When you use this<br \/>website, various personal data is collected.<br \/>Personal data is data that can be<br \/>used to personally identify you. This privacy policy explains what data we<br \/>collect and what we use it for. It also explains how and for what purpose this is<br \/>done. We would like to point out that data transmission over the internet (e.g. when<br \/>communicating via email) may have security gaps. It is not possible to fully<br \/>protect data from third-party access.<br \/>The responsible entity for the data collection and processing described below is<br \/>the entity named in the website\u2019s imprint.<\/p>\t\t\t\t\t\t<\/div>\n\t\t\t\t<\/div>\n\t\t\t\t\t<\/div>\n\t\t\t\t<\/div>\n\t\t<div class=\"elementor-element elementor-element-e2ae93d e-con-full e-flex e-con\" data-id=\"e2ae93d\" data-element_type=\"container\" data-settings=\"{&quot;content_width&quot;:&quot;full&quot;,&quot;background_background&quot;:&quot;classic&quot;}\">\n\t\t<div class=\"elementor-element elementor-element-e5b727c e-con-full e-flex e-con\" data-id=\"e5b727c\" data-element_type=\"container\" data-settings=\"{&quot;content_width&quot;:&quot;full&quot;,&quot;background_background&quot;:&quot;classic&quot;}\">\n\t\t<div class=\"elementor-element elementor-element-97b210b e-con-full e-flex e-con\" data-id=\"97b210b\" data-element_type=\"container\" data-settings=\"{&quot;content_width&quot;:&quot;full&quot;}\">\n\t\t\t\t<div class=\"elementor-element elementor-element-134246c elementor-widget elementor-widget-image\" data-id=\"134246c\" data-element_type=\"widget\" data-widget_type=\"image.default\">\n\t\t\t\t<div class=\"elementor-widget-container\">\n\t\t\t<style>\/*! elementor - v3.13.2 - 11-05-2023 *\/\n.elementor-widget-image{text-align:center}.elementor-widget-image a{display:inline-block}.elementor-widget-image a img[src$=\".svg\"]{width:48px}.elementor-widget-image img{vertical-align:middle;display:inline-block}<\/style>\t\t\t\t\t\t\t\t\t\t\t\t<img decoding=\"async\" width=\"845\" height=\"150\" src=\"https:\/\/luisbeltingsolutions.com\/wp-content\/uploads\/2023\/03\/logo_white.png\" class=\"attachment-large size-large wp-image-300\" alt=\"\" loading=\"lazy\" srcset=\"https:\/\/luisbeltingsolutions.com\/wp-content\/uploads\/2023\/03\/logo_white.png 845w, https:\/\/luisbeltingsolutions.com\/wp-content\/uploads\/2023\/03\/logo_white-300x53.png 300w, https:\/\/luisbeltingsolutions.com\/wp-content\/uploads\/2023\/03\/logo_white-768x136.png 768w\" sizes=\"(max-width: 845px) 100vw, 845px\" \/>\t\t\t\t\t\t\t\t\t\t\t\t\t\t\t<\/div>\n\t\t\t\t<\/div>\n\t\t\t\t<\/div>\n\t\t<div class=\"elementor-element elementor-element-1dbc8b3 e-con-full e-flex e-con\" data-id=\"1dbc8b3\" data-element_type=\"container\" data-settings=\"{&quot;content_width&quot;:&quot;full&quot;}\">\n\t\t\t\t<div class=\"elementor-element elementor-element-2bbd2e4 elementor-widget elementor-widget-text-editor\" data-id=\"2bbd2e4\" data-element_type=\"widget\" data-widget_type=\"text-editor.default\">\n\t\t\t\t<div class=\"elementor-widget-container\">\n\t\t\t\t\t\t\t<p><b>From Germany to the whole world <br><\/b> Luisbeltingsolutins GmbH<br>Robert-Bosch-Str. 5, 72654<br>Neckartenzlingen Germany<\/p>\t\t\t\t\t\t<\/div>\n\t\t\t\t<\/div>\n\t\t\t\t<\/div>\n\t\t<div class=\"elementor-element elementor-element-54f3fcc e-con-full e-flex e-con\" data-id=\"54f3fcc\" data-element_type=\"container\" data-settings=\"{&quot;content_width&quot;:&quot;full&quot;}\">\n\t\t\t\t<div class=\"elementor-element elementor-element-b209bb9 elementor-widget elementor-widget-text-editor\" data-id=\"b209bb9\" data-element_type=\"widget\" data-widget_type=\"text-editor.default\">\n\t\t\t\t<div class=\"elementor-widget-container\">\n\t\t\t\t\t\t\t<p>Tel.: +49 7127 \/ 98 01 83<br>Fax: +49 7127 \/ 98 03 83<br>Mobil: +49 160 \/ 90 32 80 27<br>info@luisbeltingsolutions.com<\/p>\t\t\t\t\t\t<\/div>\n\t\t\t\t<\/div>\n\t\t\t\t<\/div>\n\t\t<div class=\"elementor-element elementor-element-8e5514d e-con-full e-flex e-con\" data-id=\"8e5514d\" data-element_type=\"container\" data-settings=\"{&quot;content_width&quot;:&quot;full&quot;}\">\n\t\t\t\t<div class=\"elementor-element elementor-element-2de3742 elementor-widget elementor-widget-text-editor\" data-id=\"2de3742\" data-element_type=\"widget\" data-widget_type=\"text-editor.default\">\n\t\t\t\t<div class=\"elementor-widget-container\">\n\t\t\t\t\t\t\t<p><a style=\"color: #fff;\" href=\"https:\/\/luisbeltingsolutions.com\/eng\/agb\/\">Terms and conditions<\/a><br \/><a style=\"color: #fff;\" href=\"https:\/\/luisbeltingsolutions.com\/eng\/datenschutz\/\">Legal Disclaimer<\/a><br \/><a style=\"color: #fff;\" href=\"https:\/\/luisbeltingsolutions.com\/eng\/impressum\/\">Legal Notice<\/a><\/p>\t\t\t\t\t\t<\/div>\n\t\t\t\t<\/div>\n\t\t\t\t<div class=\"elementor-element elementor-element-e5f6b28 elementor-view-default elementor-widget elementor-widget-icon\" data-id=\"e5f6b28\" data-element_type=\"widget\" data-widget_type=\"icon.default\">\n\t\t\t\t<div class=\"elementor-widget-container\">\n\t\t\t\t\t<div class=\"elementor-icon-wrapper\">\n\t\t\t<a class=\"elementor-icon\" href=\"https:\/\/instagram.com\/luisbeltingsolutions?igshid=NTc4MTIwNjQ2YQ==\">\n\t\t\t<i aria-hidden=\"true\" class=\"fab fa-instagram\"><\/i>\t\t\t<\/a>\n\t\t<\/div>\n\t\t\t\t<\/div>\n\t\t\t\t<\/div>\n\t\t\t\t<\/div>\n\t\t\t\t<\/div>\n\t\t\t\t<\/div>\n\t\t\t\t\t\t\t<\/div>","protected":false},"excerpt":{"rendered":"<p>Datenschutz Datenschutzerkl\u00e4rung Es ist uns eine Freude, dass Sie unsere Webseite besuchen. Im Folgendenm\u00f6chten wir Sie gem\u00e4\u00df Art. 13 der Datenschutzgrundverordnung (DSGVO)dar\u00fcber informieren, wie wir mit Ihren Daten umgehen. Verantwortlicher Verantwortlich f\u00fcr die nachfolgend dargestellte Datenerhebung undVerarbeitung ist die im Impressum genannte Stelle.Datenerfassung auf unserer WebsiteDie Datenverarbeitung auf dieser Website erfolgt durch den Websitebetreiber.Dessen Kontaktdaten k\u00f6nnen Sie dem Impressum dieser Website entnehmen. Nutzungsdaten Ihre Daten werden zum einen dadurch erhoben, dass Sie uns diese mitteilen.Hierbei kann es sich z.B. um Daten handeln, die Sie in ein Kontaktformulareingeben. Andere Daten werden automatisch beim Besuch der Website durchunsere IT-Systeme erfasst. Das sind\u2026<\/p>","protected":false},"author":1,"featured_media":0,"parent":0,"menu_order":0,"comment_status":"closed","ping_status":"closed","template":"","meta":[],"blocksy_meta":"","yoast_head":"<!-- This site is optimized with the Yoast SEO plugin v20.7 - https:\/\/yoast.com\/wordpress\/plugins\/seo\/ -->\n<title>Datenschutzerkl\u00e4rung - Topanbieter f\u00fcr F\u00f6rder- und Antriebsb\u00e4nder Baden-W\u00fcrttemberg | Luis Belting Solutions<\/title>\n<meta name=\"robots\" content=\"index, follow, max-snippet:-1, max-image-preview:large, max-video-preview:-1\" \/>\n<link rel=\"canonical\" href=\"https:\/\/luisbeltingsolutions.com\/eng\/datenschutz\/\" \/>\n<meta property=\"og:locale\" content=\"en_GB\" \/>\n<meta property=\"og:type\" content=\"article\" \/>\n<meta property=\"og:title\" content=\"Datenschutzerkl\u00e4rung - Topanbieter f\u00fcr F\u00f6rder- und Antriebsb\u00e4nder Baden-W\u00fcrttemberg | Luis Belting Solutions\" \/>\n<meta property=\"og:description\" content=\"Datenschutz Datenschutzerkl\u00e4rung Es ist uns eine Freude, dass Sie unsere Webseite besuchen. Im Folgendenm\u00f6chten wir Sie gem\u00e4\u00df Art. 13 der Datenschutzgrundverordnung (DSGVO)dar\u00fcber informieren, wie wir mit Ihren Daten umgehen. Verantwortlicher Verantwortlich f\u00fcr die nachfolgend dargestellte Datenerhebung undVerarbeitung ist die im Impressum genannte Stelle.Datenerfassung auf unserer WebsiteDie Datenverarbeitung auf dieser Website erfolgt durch den Websitebetreiber.Dessen Kontaktdaten k\u00f6nnen Sie dem Impressum dieser Website entnehmen. Nutzungsdaten Ihre Daten werden zum einen dadurch erhoben, dass Sie uns diese mitteilen.Hierbei kann es sich z.B. um Daten handeln, die Sie in ein Kontaktformulareingeben. Andere Daten werden automatisch beim Besuch der Website durchunsere IT-Systeme erfasst. Das sind\u2026\" \/>\n<meta property=\"og:url\" content=\"https:\/\/luisbeltingsolutions.com\/eng\/datenschutz\/\" \/>\n<meta property=\"og:site_name\" content=\"Topanbieter f\u00fcr F\u00f6rder- und Antriebsb\u00e4nder Baden-W\u00fcrttemberg | Luis Belting Solutions\" \/>\n<meta property=\"article:modified_time\" content=\"2023-06-24T08:23:47+00:00\" \/>\n<meta property=\"og:image\" content=\"https:\/\/luisbeltingsolutions.com\/wp-content\/uploads\/2023\/03\/logo_white.png\" \/>\n<meta name=\"twitter:card\" content=\"summary_large_image\" \/>\n<meta name=\"twitter:label1\" content=\"Estimated reading time\" \/>\n\t<meta name=\"twitter:data1\" content=\"3 minutes\" \/>\n<script type=\"application\/ld+json\" class=\"yoast-schema-graph\">{\"@context\":\"https:\/\/schema.org\",\"@graph\":[{\"@type\":\"WebPage\",\"@id\":\"https:\/\/luisbeltingsolutions.com\/datenschutz\/\",\"url\":\"https:\/\/luisbeltingsolutions.com\/datenschutz\/\",\"name\":\"Datenschutzerkl\u00e4rung - Topanbieter f\u00fcr F\u00f6rder- und Antriebsb\u00e4nder Baden-W\u00fcrttemberg | Luis Belting Solutions\",\"isPartOf\":{\"@id\":\"https:\/\/luisbeltingsolutions.com\/#website\"},\"datePublished\":\"2023-03-06T11:29:45+00:00\",\"dateModified\":\"2023-06-24T08:23:47+00:00\",\"breadcrumb\":{\"@id\":\"https:\/\/luisbeltingsolutions.com\/datenschutz\/#breadcrumb\"},\"inLanguage\":\"en-GB\",\"potentialAction\":[{\"@type\":\"ReadAction\",\"target\":[\"https:\/\/luisbeltingsolutions.com\/datenschutz\/\"]}]},{\"@type\":\"BreadcrumbList\",\"@id\":\"https:\/\/luisbeltingsolutions.com\/datenschutz\/#breadcrumb\",\"itemListElement\":[{\"@type\":\"ListItem\",\"position\":1,\"name\":\"Startseite\",\"item\":\"https:\/\/luisbeltingsolutions.com\/\"},{\"@type\":\"ListItem\",\"position\":2,\"name\":\"Datenschutzerkl\u00e4rung\"}]},{\"@type\":\"WebSite\",\"@id\":\"https:\/\/luisbeltingsolutions.com\/#website\",\"url\":\"https:\/\/luisbeltingsolutions.com\/\",\"name\":\"Topanbieter f\u00fcr F\u00f6rder- und Antriebsb\u00e4nder Baden-W\u00fcrttemberg | Luis Belting Solutions\",\"description\":\"Wir bieten unserem Kundenstamm ein kompetentes Leistungspaket mit individueller Beratung und Service vor Ort\",\"publisher\":{\"@id\":\"https:\/\/luisbeltingsolutions.com\/#organization\"},\"potentialAction\":[{\"@type\":\"SearchAction\",\"target\":{\"@type\":\"EntryPoint\",\"urlTemplate\":\"https:\/\/luisbeltingsolutions.com\/?s={search_term_string}\"},\"query-input\":\"required name=search_term_string\"}],\"inLanguage\":\"en-GB\"},{\"@type\":\"Organization\",\"@id\":\"https:\/\/luisbeltingsolutions.com\/#organization\",\"name\":\"Topanbieter f\u00fcr F\u00f6rder- und Antriebsb\u00e4nder Baden-W\u00fcrttemberg | Luis Belting Solutions\",\"url\":\"https:\/\/luisbeltingsolutions.com\/\",\"logo\":{\"@type\":\"ImageObject\",\"inLanguage\":\"en-GB\",\"@id\":\"https:\/\/luisbeltingsolutions.com\/#\/schema\/logo\/image\/\",\"url\":\"https:\/\/luisbeltingsolutions.com\/wp-content\/uploads\/2023\/02\/Element-2.png\",\"contentUrl\":\"https:\/\/luisbeltingsolutions.com\/wp-content\/uploads\/2023\/02\/Element-2.png\",\"width\":845,\"height\":150,\"caption\":\"Topanbieter f\u00fcr F\u00f6rder- und Antriebsb\u00e4nder Baden-W\u00fcrttemberg | Luis Belting Solutions\"},\"image\":{\"@id\":\"https:\/\/luisbeltingsolutions.com\/#\/schema\/logo\/image\/\"}}]}<\/script>\n<!-- \/ Yoast SEO plugin. -->","yoast_head_json":{"title":"Datenschutzerkl\u00e4rung - Topanbieter f\u00fcr F\u00f6rder- und Antriebsb\u00e4nder Baden-W\u00fcrttemberg | Luis Belting Solutions","robots":{"index":"index","follow":"follow","max-snippet":"max-snippet:-1","max-image-preview":"max-image-preview:large","max-video-preview":"max-video-preview:-1"},"canonical":"https:\/\/luisbeltingsolutions.com\/eng\/datenschutz\/","og_locale":"en_GB","og_type":"article","og_title":"Datenschutzerkl\u00e4rung - Topanbieter f\u00fcr F\u00f6rder- und Antriebsb\u00e4nder Baden-W\u00fcrttemberg | Luis Belting Solutions","og_description":"Datenschutz Datenschutzerkl\u00e4rung Es ist uns eine Freude, dass Sie unsere Webseite besuchen. Im Folgendenm\u00f6chten wir Sie gem\u00e4\u00df Art. 13 der Datenschutzgrundverordnung (DSGVO)dar\u00fcber informieren, wie wir mit Ihren Daten umgehen. Verantwortlicher Verantwortlich f\u00fcr die nachfolgend dargestellte Datenerhebung undVerarbeitung ist die im Impressum genannte Stelle.Datenerfassung auf unserer WebsiteDie Datenverarbeitung auf dieser Website erfolgt durch den Websitebetreiber.Dessen Kontaktdaten k\u00f6nnen Sie dem Impressum dieser Website entnehmen. Nutzungsdaten Ihre Daten werden zum einen dadurch erhoben, dass Sie uns diese mitteilen.Hierbei kann es sich z.B. um Daten handeln, die Sie in ein Kontaktformulareingeben. Andere Daten werden automatisch beim Besuch der Website durchunsere IT-Systeme erfasst. Das sind\u2026","og_url":"https:\/\/luisbeltingsolutions.com\/eng\/datenschutz\/","og_site_name":"Topanbieter f\u00fcr F\u00f6rder- und Antriebsb\u00e4nder Baden-W\u00fcrttemberg | Luis Belting Solutions","article_modified_time":"2023-06-24T08:23:47+00:00","og_image":[{"url":"https:\/\/luisbeltingsolutions.com\/wp-content\/uploads\/2023\/03\/logo_white.png"}],"twitter_card":"summary_large_image","twitter_misc":{"Estimated reading time":"3 minutes"},"schema":{"@context":"https:\/\/schema.org","@graph":[{"@type":"WebPage","@id":"https:\/\/luisbeltingsolutions.com\/datenschutz\/","url":"https:\/\/luisbeltingsolutions.com\/datenschutz\/","name":"Datenschutzerkl\u00e4rung - Topanbieter f\u00fcr F\u00f6rder- und Antriebsb\u00e4nder Baden-W\u00fcrttemberg | Luis Belting Solutions","isPartOf":{"@id":"https:\/\/luisbeltingsolutions.com\/#website"},"datePublished":"2023-03-06T11:29:45+00:00","dateModified":"2023-06-24T08:23:47+00:00","breadcrumb":{"@id":"https:\/\/luisbeltingsolutions.com\/datenschutz\/#breadcrumb"},"inLanguage":"en-GB","potentialAction":[{"@type":"ReadAction","target":["https:\/\/luisbeltingsolutions.com\/datenschutz\/"]}]},{"@type":"BreadcrumbList","@id":"https:\/\/luisbeltingsolutions.com\/datenschutz\/#breadcrumb","itemListElement":[{"@type":"ListItem","position":1,"name":"Startseite","item":"https:\/\/luisbeltingsolutions.com\/"},{"@type":"ListItem","position":2,"name":"Datenschutzerkl\u00e4rung"}]},{"@type":"WebSite","@id":"https:\/\/luisbeltingsolutions.com\/#website","url":"https:\/\/luisbeltingsolutions.com\/","name":"Topanbieter f\u00fcr F\u00f6rder- und Antriebsb\u00e4nder Baden-W\u00fcrttemberg | Luis Belting Solutions","description":"Wir bieten unserem Kundenstamm ein kompetentes Leistungspaket mit individueller Beratung und Service vor Ort","publisher":{"@id":"https:\/\/luisbeltingsolutions.com\/#organization"},"potentialAction":[{"@type":"SearchAction","target":{"@type":"EntryPoint","urlTemplate":"https:\/\/luisbeltingsolutions.com\/?s={search_term_string}"},"query-input":"required name=search_term_string"}],"inLanguage":"en-GB"},{"@type":"Organization","@id":"https:\/\/luisbeltingsolutions.com\/#organization","name":"Topanbieter f\u00fcr F\u00f6rder- und Antriebsb\u00e4nder Baden-W\u00fcrttemberg | Luis Belting Solutions","url":"https:\/\/luisbeltingsolutions.com\/","logo":{"@type":"ImageObject","inLanguage":"en-GB","@id":"https:\/\/luisbeltingsolutions.com\/#\/schema\/logo\/image\/","url":"https:\/\/luisbeltingsolutions.com\/wp-content\/uploads\/2023\/02\/Element-2.png","contentUrl":"https:\/\/luisbeltingsolutions.com\/wp-content\/uploads\/2023\/02\/Element-2.png","width":845,"height":150,"caption":"Topanbieter f\u00fcr F\u00f6rder- und Antriebsb\u00e4nder Baden-W\u00fcrttemberg | Luis Belting Solutions"},"image":{"@id":"https:\/\/luisbeltingsolutions.com\/#\/schema\/logo\/image\/"}}]}},"_links":{"self":[{"href":"https:\/\/luisbeltingsolutions.com\/eng\/wp-json\/wp\/v2\/pages\/366"}],"collection":[{"href":"https:\/\/luisbeltingsolutions.com\/eng\/wp-json\/wp\/v2\/pages"}],"about":[{"href":"https:\/\/luisbeltingsolutions.com\/eng\/wp-json\/wp\/v2\/types\/page"}],"author":[{"embeddable":true,"href":"https:\/\/luisbeltingsolutions.com\/eng\/wp-json\/wp\/v2\/users\/1"}],"replies":[{"embeddable":true,"href":"https:\/\/luisbeltingsolutions.com\/eng\/wp-json\/wp\/v2\/comments?post=366"}],"version-history":[{"count":53,"href":"https:\/\/luisbeltingsolutions.com\/eng\/wp-json\/wp\/v2\/pages\/366\/revisions"}],"predecessor-version":[{"id":1386,"href":"https:\/\/luisbeltingsolutions.com\/eng\/wp-json\/wp\/v2\/pages\/366\/revisions\/1386"}],"wp:attachment":[{"href":"https:\/\/luisbeltingsolutions.com\/eng\/wp-json\/wp\/v2\/media?parent=366"}],"curies":[{"name":"wp","href":"https:\/\/api.w.org\/{rel}","templated":true}]}}