{"id":384,"date":"2023-03-06T12:51:26","date_gmt":"2023-03-06T11:51:26","guid":{"rendered":"https:\/\/luisbeltingsolutions.com\/?page_id=384"},"modified":"2023-06-24T10:25:33","modified_gmt":"2023-06-24T08:25:33","slug":"impressum","status":"publish","type":"page","link":"https:\/\/luisbeltingsolutions.com\/eng\/impressum\/","title":{"rendered":"Legal Notice"},"content":{"rendered":"<div data-elementor-type=\"wp-page\" data-elementor-id=\"384\" class=\"elementor elementor-384\">\n\t\t\t\t\t\t\t<div class=\"elementor-element elementor-element-830e258 e-con-boxed e-flex e-con\" data-id=\"830e258\" data-element_type=\"container\" data-settings=\"{&quot;content_width&quot;:&quot;boxed&quot;}\">\n\t\t\t\t\t<div class=\"e-con-inner\">\n\t\t\t\t<div class=\"elementor-element elementor-element-6411571 elementor-widget elementor-widget-heading\" data-id=\"6411571\" data-element_type=\"widget\" data-widget_type=\"heading.default\">\n\t\t\t\t<div class=\"elementor-widget-container\">\n\t\t\t<style>\/*! elementor - v3.13.2 - 11-05-2023 *\/\n.elementor-heading-title{padding:0;margin:0;line-height:1}.elementor-widget-heading .elementor-heading-title[class*=elementor-size-]>a{color:inherit;font-size:inherit;line-height:inherit}.elementor-widget-heading .elementor-heading-title.elementor-size-small{font-size:15px}.elementor-widget-heading .elementor-heading-title.elementor-size-medium{font-size:19px}.elementor-widget-heading .elementor-heading-title.elementor-size-large{font-size:29px}.elementor-widget-heading .elementor-heading-title.elementor-size-xl{font-size:39px}.elementor-widget-heading .elementor-heading-title.elementor-size-xxl{font-size:59px}<\/style><h2 class=\"elementor-heading-title elementor-size-default\">Legal Notice<\/h2>\t\t<\/div>\n\t\t\t\t<\/div>\n\t\t\t\t\t<\/div>\n\t\t\t\t<\/div>\n\t\t<div class=\"elementor-element elementor-element-e9535a3 e-con-boxed e-flex e-con\" data-id=\"e9535a3\" data-element_type=\"container\" data-settings=\"{&quot;content_width&quot;:&quot;boxed&quot;}\">\n\t\t\t\t\t<div class=\"e-con-inner\">\n\t\t\t\t<div class=\"elementor-element elementor-element-fce6c37 elementor-widget elementor-widget-text-editor\" data-id=\"fce6c37\" data-element_type=\"widget\" data-widget_type=\"text-editor.default\">\n\t\t\t\t<div class=\"elementor-widget-container\">\n\t\t\t<style>\/*! elementor - v3.13.2 - 11-05-2023 *\/\n.elementor-widget-text-editor.elementor-drop-cap-view-stacked .elementor-drop-cap{background-color:#69727d;color:#fff}.elementor-widget-text-editor.elementor-drop-cap-view-framed .elementor-drop-cap{color:#69727d;border:3px solid;background-color:transparent}.elementor-widget-text-editor:not(.elementor-drop-cap-view-default) .elementor-drop-cap{margin-top:8px}.elementor-widget-text-editor:not(.elementor-drop-cap-view-default) .elementor-drop-cap-letter{width:1em;height:1em}.elementor-widget-text-editor .elementor-drop-cap{float:left;text-align:center;line-height:1;font-size:50px}.elementor-widget-text-editor .elementor-drop-cap-letter{display:inline-block}<\/style>\t\t\t\t<p class=\" translation-block\">CEO: Mr. Luis Aldehesi<br>\nRegistry court: Local court Stuttgart<br>\n\nRegistration number: HRB 726465, registered in Stuttgart<br>\n\nVAT identification number according to \u00a7 27a of the Value Added Tax Act:\nDE 259 263 510<br>\nPerson responsible for content according to \u00a7 10 paragraph 3 MDStV:  Mr.Luis Aldehesi<\/p><h5>Disclaimer<\/h5><p class=\" translation-block\">Luisbeltingsolutions constantly checks and updates the information on its\nwebsite. Despite all care, data and information of any kind may have\nchanged in the meantime. Therefore, no liability, guarantee or other\nresponsibility can be assumed for the topicality, correctness and\ncompleteness of the information provided.<\/p><p class=\" translation-block\">Furthermore, Luisbeltingsolutions reserves the right to make changes or\nadditions to the information provided at any time.<\/p><h5>Adress<\/h5><p class=\" translation-block\">Luisbeltingsolutions<br>\nRobert-Bosch-Str. 5 | 72654 Neckartenzlingen<br>\nTel.:+497127 \/ 98 01 83<br>\nFax:+497127 \/ 98 03 83<br>\nMobil:+49160 \/ 90 32 80 27<br>\nMail: Luisbeltingsolutions@gmail.com<br><\/p>\t\t\t\t\t\t<\/div>\n\t\t\t\t<\/div>\n\t\t\t\t\t<\/div>\n\t\t\t\t<\/div>\n\t\t<div class=\"elementor-element elementor-element-0f0b333 e-con-full e-flex e-con\" data-id=\"0f0b333\" data-element_type=\"container\" data-settings=\"{&quot;content_width&quot;:&quot;full&quot;,&quot;background_background&quot;:&quot;classic&quot;}\">\n\t\t<div class=\"elementor-element elementor-element-0c4d653 e-con-full e-flex e-con\" data-id=\"0c4d653\" data-element_type=\"container\" data-settings=\"{&quot;content_width&quot;:&quot;full&quot;,&quot;background_background&quot;:&quot;classic&quot;}\">\n\t\t<div class=\"elementor-element elementor-element-e0e463c e-con-full e-flex e-con\" data-id=\"e0e463c\" data-element_type=\"container\" data-settings=\"{&quot;content_width&quot;:&quot;full&quot;}\">\n\t\t\t\t<div class=\"elementor-element elementor-element-14b0e3f elementor-widget elementor-widget-image\" data-id=\"14b0e3f\" data-element_type=\"widget\" data-widget_type=\"image.default\">\n\t\t\t\t<div class=\"elementor-widget-container\">\n\t\t\t<style>\/*! elementor - v3.13.2 - 11-05-2023 *\/\n.elementor-widget-image{text-align:center}.elementor-widget-image a{display:inline-block}.elementor-widget-image a img[src$=\".svg\"]{width:48px}.elementor-widget-image img{vertical-align:middle;display:inline-block}<\/style>\t\t\t\t\t\t\t\t\t\t\t\t<img decoding=\"async\" width=\"845\" height=\"150\" src=\"https:\/\/luisbeltingsolutions.com\/wp-content\/uploads\/2023\/03\/logo_white.png\" class=\"attachment-large size-large wp-image-300\" alt=\"\" loading=\"lazy\" srcset=\"https:\/\/luisbeltingsolutions.com\/wp-content\/uploads\/2023\/03\/logo_white.png 845w, https:\/\/luisbeltingsolutions.com\/wp-content\/uploads\/2023\/03\/logo_white-300x53.png 300w, https:\/\/luisbeltingsolutions.com\/wp-content\/uploads\/2023\/03\/logo_white-768x136.png 768w\" sizes=\"(max-width: 845px) 100vw, 845px\" \/>\t\t\t\t\t\t\t\t\t\t\t\t\t\t\t<\/div>\n\t\t\t\t<\/div>\n\t\t\t\t<\/div>\n\t\t<div class=\"elementor-element elementor-element-41aec76 e-con-full e-flex e-con\" data-id=\"41aec76\" data-element_type=\"container\" data-settings=\"{&quot;content_width&quot;:&quot;full&quot;}\">\n\t\t\t\t<div class=\"elementor-element elementor-element-b825f9d elementor-widget elementor-widget-text-editor\" data-id=\"b825f9d\" data-element_type=\"widget\" data-widget_type=\"text-editor.default\">\n\t\t\t\t<div class=\"elementor-widget-container\">\n\t\t\t\t\t\t\t<p><b>From Germany to the whole world <br><\/b> Luisbeltingsolutins GmbH<br>Robert-Bosch-Str. 5, 72654<br>Neckartenzlingen Germany<\/p>\t\t\t\t\t\t<\/div>\n\t\t\t\t<\/div>\n\t\t\t\t<\/div>\n\t\t<div class=\"elementor-element elementor-element-5ac6214 e-con-full e-flex e-con\" data-id=\"5ac6214\" data-element_type=\"container\" data-settings=\"{&quot;content_width&quot;:&quot;full&quot;}\">\n\t\t\t\t<div class=\"elementor-element elementor-element-1b7307f elementor-widget elementor-widget-text-editor\" data-id=\"1b7307f\" data-element_type=\"widget\" data-widget_type=\"text-editor.default\">\n\t\t\t\t<div class=\"elementor-widget-container\">\n\t\t\t\t\t\t\t<p>Tel.: +49 7127 \/ 98 01 83<br>Fax: +49 7127 \/ 98 03 83<br>Mobil: +49 160 \/ 90 32 80 27<br>info@luisbeltingsolutions.com<\/p>\t\t\t\t\t\t<\/div>\n\t\t\t\t<\/div>\n\t\t\t\t<\/div>\n\t\t<div class=\"elementor-element elementor-element-bcf4f1f e-con-full e-flex e-con\" data-id=\"bcf4f1f\" data-element_type=\"container\" data-settings=\"{&quot;content_width&quot;:&quot;full&quot;}\">\n\t\t\t\t<div class=\"elementor-element elementor-element-2ec1db1 elementor-widget elementor-widget-text-editor\" data-id=\"2ec1db1\" data-element_type=\"widget\" data-widget_type=\"text-editor.default\">\n\t\t\t\t<div class=\"elementor-widget-container\">\n\t\t\t\t\t\t\t<p><a style=\"color: #fff;\" href=\"https:\/\/luisbeltingsolutions.com\/eng\/agb\/\">Terms and conditions<\/a><br \/><a style=\"color: #fff;\" href=\"https:\/\/luisbeltingsolutions.com\/eng\/datenschutz\/\">Legal Disclaimer<\/a><br \/><a style=\"color: #fff;\" href=\"https:\/\/luisbeltingsolutions.com\/eng\/impressum\/\">Legal Notice<\/a><\/p>\t\t\t\t\t\t<\/div>\n\t\t\t\t<\/div>\n\t\t\t\t<div class=\"elementor-element elementor-element-4c1aefb elementor-view-default elementor-widget elementor-widget-icon\" data-id=\"4c1aefb\" data-element_type=\"widget\" data-widget_type=\"icon.default\">\n\t\t\t\t<div class=\"elementor-widget-container\">\n\t\t\t\t\t<div class=\"elementor-icon-wrapper\">\n\t\t\t<a class=\"elementor-icon\" href=\"https:\/\/instagram.com\/luisbeltingsolutions?igshid=NTc4MTIwNjQ2YQ==\">\n\t\t\t<i aria-hidden=\"true\" class=\"fab fa-instagram\"><\/i>\t\t\t<\/a>\n\t\t<\/div>\n\t\t\t\t<\/div>\n\t\t\t\t<\/div>\n\t\t\t\t<\/div>\n\t\t\t\t<\/div>\n\t\t\t\t<\/div>\n\t\t\t\t\t\t\t<\/div>","protected":false},"excerpt":{"rendered":"<p>Impressum Gesch\u00e4ftsf\u00fchrer: Herr Luis AldehesiRegistergericht: Amtsgericht StuttgartRegisternummer: HRB 726465, Sitz in StuttgartUmsatzsteuer-Identifikationsnummer gem\u00e4\u00df \u00a7 27a UStG: DE 259 263 510Inhaltlich Verantwortlicher gem\u00e4\u00df \u00a7 10 Absatz 3 MDStV: Herr Luis Aldehesi Disclaimer Luisbeltingsolutions pr\u00fcft und aktualisiert die Informationen auf ihrenWebseiten st\u00e4ndig. Trotz aller Sorgfalt k\u00f6nnen sich Daten undInformationen jeglicher Art inzwischen ver\u00e4ndert haben. Eine Haftung,Garantie oder sonstiges Einstehen f\u00fcr die Aktualit\u00e4t, Richtigkeit undVollst\u00e4ndigkeit der zur Verf\u00fcgung gestellten Informationen kann daher nicht\u00fcbernommen werden. Des Weiteren beh\u00e4lt sich Luisbeltingsolutions das Recht vor, jederzeit\u00c4nderungen oder Erg\u00e4nzungen der bereitgestellten Informationenvorzunehmen. Anschrift LuisbeltingsolutionsRobert-Bosch-Str. 5 | 72654 NeckartenzlingenTel.:+497127 \/ 98 01 83Fax:+497127 \/ 98 03 83Mobil:+49160 \/\u2026<\/p>","protected":false},"author":1,"featured_media":0,"parent":0,"menu_order":0,"comment_status":"closed","ping_status":"closed","template":"","meta":[],"blocksy_meta":"","yoast_head":"<!-- This site is optimized with the Yoast SEO plugin v20.7 - https:\/\/yoast.com\/wordpress\/plugins\/seo\/ -->\n<title>Impressum - Topanbieter f\u00fcr F\u00f6rder- und Antriebsb\u00e4nder Baden-W\u00fcrttemberg | Luis Belting Solutions<\/title>\n<meta name=\"robots\" content=\"index, follow, max-snippet:-1, max-image-preview:large, max-video-preview:-1\" \/>\n<link rel=\"canonical\" href=\"https:\/\/luisbeltingsolutions.com\/eng\/impressum\/\" \/>\n<meta property=\"og:locale\" content=\"en_GB\" \/>\n<meta property=\"og:type\" content=\"article\" \/>\n<meta property=\"og:title\" content=\"Impressum - Topanbieter f\u00fcr F\u00f6rder- und Antriebsb\u00e4nder Baden-W\u00fcrttemberg | Luis Belting Solutions\" \/>\n<meta property=\"og:description\" content=\"Impressum Gesch\u00e4ftsf\u00fchrer: Herr Luis AldehesiRegistergericht: Amtsgericht StuttgartRegisternummer: HRB 726465, Sitz in StuttgartUmsatzsteuer-Identifikationsnummer gem\u00e4\u00df \u00a7 27a UStG: DE 259 263 510Inhaltlich Verantwortlicher gem\u00e4\u00df \u00a7 10 Absatz 3 MDStV: Herr Luis Aldehesi Disclaimer Luisbeltingsolutions pr\u00fcft und aktualisiert die Informationen auf ihrenWebseiten st\u00e4ndig. Trotz aller Sorgfalt k\u00f6nnen sich Daten undInformationen jeglicher Art inzwischen ver\u00e4ndert haben. Eine Haftung,Garantie oder sonstiges Einstehen f\u00fcr die Aktualit\u00e4t, Richtigkeit undVollst\u00e4ndigkeit der zur Verf\u00fcgung gestellten Informationen kann daher nicht\u00fcbernommen werden. Des Weiteren beh\u00e4lt sich Luisbeltingsolutions das Recht vor, jederzeit\u00c4nderungen oder Erg\u00e4nzungen der bereitgestellten Informationenvorzunehmen. Anschrift LuisbeltingsolutionsRobert-Bosch-Str. 5 | 72654 NeckartenzlingenTel.:+497127 \/ 98 01 83Fax:+497127 \/ 98 03 83Mobil:+49160 \/\u2026\" \/>\n<meta property=\"og:url\" content=\"https:\/\/luisbeltingsolutions.com\/eng\/impressum\/\" \/>\n<meta property=\"og:site_name\" content=\"Topanbieter f\u00fcr F\u00f6rder- und Antriebsb\u00e4nder Baden-W\u00fcrttemberg | Luis Belting Solutions\" \/>\n<meta property=\"article:modified_time\" content=\"2023-06-24T08:25:33+00:00\" \/>\n<meta property=\"og:image\" content=\"https:\/\/luisbeltingsolutions.com\/wp-content\/uploads\/2023\/03\/logo_white.png\" \/>\n<meta name=\"twitter:card\" content=\"summary_large_image\" \/>\n<meta name=\"twitter:label1\" content=\"Estimated reading time\" \/>\n\t<meta name=\"twitter:data1\" content=\"2 minutes\" \/>\n<script type=\"application\/ld+json\" class=\"yoast-schema-graph\">{\"@context\":\"https:\/\/schema.org\",\"@graph\":[{\"@type\":\"WebPage\",\"@id\":\"https:\/\/luisbeltingsolutions.com\/impressum\/\",\"url\":\"https:\/\/luisbeltingsolutions.com\/impressum\/\",\"name\":\"Impressum - Topanbieter f\u00fcr F\u00f6rder- und Antriebsb\u00e4nder Baden-W\u00fcrttemberg | Luis Belting Solutions\",\"isPartOf\":{\"@id\":\"https:\/\/luisbeltingsolutions.com\/#website\"},\"datePublished\":\"2023-03-06T11:51:26+00:00\",\"dateModified\":\"2023-06-24T08:25:33+00:00\",\"breadcrumb\":{\"@id\":\"https:\/\/luisbeltingsolutions.com\/impressum\/#breadcrumb\"},\"inLanguage\":\"en-GB\",\"potentialAction\":[{\"@type\":\"ReadAction\",\"target\":[\"https:\/\/luisbeltingsolutions.com\/impressum\/\"]}]},{\"@type\":\"BreadcrumbList\",\"@id\":\"https:\/\/luisbeltingsolutions.com\/impressum\/#breadcrumb\",\"itemListElement\":[{\"@type\":\"ListItem\",\"position\":1,\"name\":\"Startseite\",\"item\":\"https:\/\/luisbeltingsolutions.com\/\"},{\"@type\":\"ListItem\",\"position\":2,\"name\":\"Impressum\"}]},{\"@type\":\"WebSite\",\"@id\":\"https:\/\/luisbeltingsolutions.com\/#website\",\"url\":\"https:\/\/luisbeltingsolutions.com\/\",\"name\":\"Topanbieter f\u00fcr F\u00f6rder- und Antriebsb\u00e4nder Baden-W\u00fcrttemberg | Luis Belting Solutions\",\"description\":\"Wir bieten unserem Kundenstamm ein kompetentes Leistungspaket mit individueller Beratung und Service vor Ort\",\"publisher\":{\"@id\":\"https:\/\/luisbeltingsolutions.com\/#organization\"},\"potentialAction\":[{\"@type\":\"SearchAction\",\"target\":{\"@type\":\"EntryPoint\",\"urlTemplate\":\"https:\/\/luisbeltingsolutions.com\/?s={search_term_string}\"},\"query-input\":\"required name=search_term_string\"}],\"inLanguage\":\"en-GB\"},{\"@type\":\"Organization\",\"@id\":\"https:\/\/luisbeltingsolutions.com\/#organization\",\"name\":\"Topanbieter f\u00fcr F\u00f6rder- und Antriebsb\u00e4nder Baden-W\u00fcrttemberg | Luis Belting Solutions\",\"url\":\"https:\/\/luisbeltingsolutions.com\/\",\"logo\":{\"@type\":\"ImageObject\",\"inLanguage\":\"en-GB\",\"@id\":\"https:\/\/luisbeltingsolutions.com\/#\/schema\/logo\/image\/\",\"url\":\"https:\/\/luisbeltingsolutions.com\/wp-content\/uploads\/2023\/02\/Element-2.png\",\"contentUrl\":\"https:\/\/luisbeltingsolutions.com\/wp-content\/uploads\/2023\/02\/Element-2.png\",\"width\":845,\"height\":150,\"caption\":\"Topanbieter f\u00fcr F\u00f6rder- und Antriebsb\u00e4nder Baden-W\u00fcrttemberg | Luis Belting Solutions\"},\"image\":{\"@id\":\"https:\/\/luisbeltingsolutions.com\/#\/schema\/logo\/image\/\"}}]}<\/script>\n<!-- \/ Yoast SEO plugin. -->","yoast_head_json":{"title":"Impressum - Topanbieter f\u00fcr F\u00f6rder- und Antriebsb\u00e4nder Baden-W\u00fcrttemberg | Luis Belting Solutions","robots":{"index":"index","follow":"follow","max-snippet":"max-snippet:-1","max-image-preview":"max-image-preview:large","max-video-preview":"max-video-preview:-1"},"canonical":"https:\/\/luisbeltingsolutions.com\/eng\/impressum\/","og_locale":"en_GB","og_type":"article","og_title":"Impressum - Topanbieter f\u00fcr F\u00f6rder- und Antriebsb\u00e4nder Baden-W\u00fcrttemberg | Luis Belting Solutions","og_description":"Impressum Gesch\u00e4ftsf\u00fchrer: Herr Luis AldehesiRegistergericht: Amtsgericht StuttgartRegisternummer: HRB 726465, Sitz in StuttgartUmsatzsteuer-Identifikationsnummer gem\u00e4\u00df \u00a7 27a UStG: DE 259 263 510Inhaltlich Verantwortlicher gem\u00e4\u00df \u00a7 10 Absatz 3 MDStV: Herr Luis Aldehesi Disclaimer Luisbeltingsolutions pr\u00fcft und aktualisiert die Informationen auf ihrenWebseiten st\u00e4ndig. Trotz aller Sorgfalt k\u00f6nnen sich Daten undInformationen jeglicher Art inzwischen ver\u00e4ndert haben. Eine Haftung,Garantie oder sonstiges Einstehen f\u00fcr die Aktualit\u00e4t, Richtigkeit undVollst\u00e4ndigkeit der zur Verf\u00fcgung gestellten Informationen kann daher nicht\u00fcbernommen werden. Des Weiteren beh\u00e4lt sich Luisbeltingsolutions das Recht vor, jederzeit\u00c4nderungen oder Erg\u00e4nzungen der bereitgestellten Informationenvorzunehmen. Anschrift LuisbeltingsolutionsRobert-Bosch-Str. 5 | 72654 NeckartenzlingenTel.:+497127 \/ 98 01 83Fax:+497127 \/ 98 03 83Mobil:+49160 \/\u2026","og_url":"https:\/\/luisbeltingsolutions.com\/eng\/impressum\/","og_site_name":"Topanbieter f\u00fcr F\u00f6rder- und Antriebsb\u00e4nder Baden-W\u00fcrttemberg | Luis Belting Solutions","article_modified_time":"2023-06-24T08:25:33+00:00","og_image":[{"url":"https:\/\/luisbeltingsolutions.com\/wp-content\/uploads\/2023\/03\/logo_white.png"}],"twitter_card":"summary_large_image","twitter_misc":{"Estimated reading time":"2 minutes"},"schema":{"@context":"https:\/\/schema.org","@graph":[{"@type":"WebPage","@id":"https:\/\/luisbeltingsolutions.com\/impressum\/","url":"https:\/\/luisbeltingsolutions.com\/impressum\/","name":"Impressum - Topanbieter f\u00fcr F\u00f6rder- und Antriebsb\u00e4nder Baden-W\u00fcrttemberg | Luis Belting Solutions","isPartOf":{"@id":"https:\/\/luisbeltingsolutions.com\/#website"},"datePublished":"2023-03-06T11:51:26+00:00","dateModified":"2023-06-24T08:25:33+00:00","breadcrumb":{"@id":"https:\/\/luisbeltingsolutions.com\/impressum\/#breadcrumb"},"inLanguage":"en-GB","potentialAction":[{"@type":"ReadAction","target":["https:\/\/luisbeltingsolutions.com\/impressum\/"]}]},{"@type":"BreadcrumbList","@id":"https:\/\/luisbeltingsolutions.com\/impressum\/#breadcrumb","itemListElement":[{"@type":"ListItem","position":1,"name":"Startseite","item":"https:\/\/luisbeltingsolutions.com\/"},{"@type":"ListItem","position":2,"name":"Impressum"}]},{"@type":"WebSite","@id":"https:\/\/luisbeltingsolutions.com\/#website","url":"https:\/\/luisbeltingsolutions.com\/","name":"Topanbieter f\u00fcr F\u00f6rder- und Antriebsb\u00e4nder Baden-W\u00fcrttemberg | Luis Belting Solutions","description":"Wir bieten unserem Kundenstamm ein kompetentes Leistungspaket mit individueller Beratung und Service vor Ort","publisher":{"@id":"https:\/\/luisbeltingsolutions.com\/#organization"},"potentialAction":[{"@type":"SearchAction","target":{"@type":"EntryPoint","urlTemplate":"https:\/\/luisbeltingsolutions.com\/?s={search_term_string}"},"query-input":"required name=search_term_string"}],"inLanguage":"en-GB"},{"@type":"Organization","@id":"https:\/\/luisbeltingsolutions.com\/#organization","name":"Topanbieter f\u00fcr F\u00f6rder- und Antriebsb\u00e4nder Baden-W\u00fcrttemberg | Luis Belting Solutions","url":"https:\/\/luisbeltingsolutions.com\/","logo":{"@type":"ImageObject","inLanguage":"en-GB","@id":"https:\/\/luisbeltingsolutions.com\/#\/schema\/logo\/image\/","url":"https:\/\/luisbeltingsolutions.com\/wp-content\/uploads\/2023\/02\/Element-2.png","contentUrl":"https:\/\/luisbeltingsolutions.com\/wp-content\/uploads\/2023\/02\/Element-2.png","width":845,"height":150,"caption":"Topanbieter f\u00fcr F\u00f6rder- und Antriebsb\u00e4nder Baden-W\u00fcrttemberg | Luis Belting Solutions"},"image":{"@id":"https:\/\/luisbeltingsolutions.com\/#\/schema\/logo\/image\/"}}]}},"_links":{"self":[{"href":"https:\/\/luisbeltingsolutions.com\/eng\/wp-json\/wp\/v2\/pages\/384"}],"collection":[{"href":"https:\/\/luisbeltingsolutions.com\/eng\/wp-json\/wp\/v2\/pages"}],"about":[{"href":"https:\/\/luisbeltingsolutions.com\/eng\/wp-json\/wp\/v2\/types\/page"}],"author":[{"embeddable":true,"href":"https:\/\/luisbeltingsolutions.com\/eng\/wp-json\/wp\/v2\/users\/1"}],"replies":[{"embeddable":true,"href":"https:\/\/luisbeltingsolutions.com\/eng\/wp-json\/wp\/v2\/comments?post=384"}],"version-history":[{"count":28,"href":"https:\/\/luisbeltingsolutions.com\/eng\/wp-json\/wp\/v2\/pages\/384\/revisions"}],"predecessor-version":[{"id":1389,"href":"https:\/\/luisbeltingsolutions.com\/eng\/wp-json\/wp\/v2\/pages\/384\/revisions\/1389"}],"wp:attachment":[{"href":"https:\/\/luisbeltingsolutions.com\/eng\/wp-json\/wp\/v2\/media?parent=384"}],"curies":[{"name":"wp","href":"https:\/\/api.w.org\/{rel}","templated":true}]}}