{"id":80,"date":"2023-02-17T14:01:22","date_gmt":"2023-02-17T13:01:22","guid":{"rendered":"https:\/\/luisbeltingsolutions.com\/?page_id=80"},"modified":"2023-06-24T10:32:29","modified_gmt":"2023-06-24T08:32:29","slug":"kontakt","status":"publish","type":"page","link":"https:\/\/luisbeltingsolutions.com\/eng\/kontakt\/","title":{"rendered":"Kontakt"},"content":{"rendered":"<div data-elementor-type=\"wp-page\" data-elementor-id=\"80\" class=\"elementor elementor-80\">\n\t\t\t\t\t\t\t<div class=\"elementor-element elementor-element-82ded7c e-con-full e-flex e-con\" data-id=\"82ded7c\" data-element_type=\"container\" data-settings=\"{&quot;content_width&quot;:&quot;full&quot;}\">\n\t\t<div class=\"elementor-element elementor-element-4d36cc6 e-con-full e-flex e-con\" data-id=\"4d36cc6\" data-element_type=\"container\" data-settings=\"{&quot;content_width&quot;:&quot;full&quot;,&quot;background_background&quot;:&quot;classic&quot;}\">\n\t\t\t\t<div class=\"elementor-element elementor-element-6cfebf8 elementor-widget elementor-widget-text-editor\" data-id=\"6cfebf8\" data-element_type=\"widget\" data-widget_type=\"text-editor.default\">\n\t\t\t\t<div class=\"elementor-widget-container\">\n\t\t\t<style>\/*! elementor - v3.13.2 - 11-05-2023 *\/\n.elementor-widget-text-editor.elementor-drop-cap-view-stacked .elementor-drop-cap{background-color:#69727d;color:#fff}.elementor-widget-text-editor.elementor-drop-cap-view-framed .elementor-drop-cap{color:#69727d;border:3px solid;background-color:transparent}.elementor-widget-text-editor:not(.elementor-drop-cap-view-default) .elementor-drop-cap{margin-top:8px}.elementor-widget-text-editor:not(.elementor-drop-cap-view-default) .elementor-drop-cap-letter{width:1em;height:1em}.elementor-widget-text-editor .elementor-drop-cap{float:left;text-align:center;line-height:1;font-size:50px}.elementor-widget-text-editor .elementor-drop-cap-letter{display:inline-block}<\/style>\t\t\t\t<p>You will find the ideal partner in us.<br>Personal consultation - Highest quality - 24-hour emergency service - Made in Germany<\/p>\t\t\t\t\t\t<\/div>\n\t\t\t\t<\/div>\n\t\t\t\t<\/div>\n\t\t\t\t<\/div>\n\t\t<div class=\"elementor-element elementor-element-9abfacb e-con-boxed e-flex e-con\" data-id=\"9abfacb\" data-element_type=\"container\" data-settings=\"{&quot;content_width&quot;:&quot;boxed&quot;}\">\n\t\t\t\t\t<div class=\"e-con-inner\">\n\t\t\t\t\t<\/div>\n\t\t\t\t<\/div>\n\t\t<div class=\"elementor-element elementor-element-dd0f19d e-con-boxed e-flex e-con\" data-id=\"dd0f19d\" data-element_type=\"container\" data-settings=\"{&quot;content_width&quot;:&quot;boxed&quot;}\">\n\t\t\t\t\t<div class=\"e-con-inner\">\n\t\t\t\t<div class=\"elementor-element elementor-element-9d87e98 elementor-widget elementor-widget-heading\" data-id=\"9d87e98\" data-element_type=\"widget\" data-widget_type=\"heading.default\">\n\t\t\t\t<div class=\"elementor-widget-container\">\n\t\t\t<style>\/*! elementor - v3.13.2 - 11-05-2023 *\/\n.elementor-heading-title{padding:0;margin:0;line-height:1}.elementor-widget-heading .elementor-heading-title[class*=elementor-size-]>a{color:inherit;font-size:inherit;line-height:inherit}.elementor-widget-heading .elementor-heading-title.elementor-size-small{font-size:15px}.elementor-widget-heading .elementor-heading-title.elementor-size-medium{font-size:19px}.elementor-widget-heading .elementor-heading-title.elementor-size-large{font-size:29px}.elementor-widget-heading .elementor-heading-title.elementor-size-xl{font-size:39px}.elementor-widget-heading .elementor-heading-title.elementor-size-xxl{font-size:59px}<\/style><h2 class=\"elementor-heading-title elementor-size-default\">Contact us.<\/h2>\t\t<\/div>\n\t\t\t\t<\/div>\n\t\t\t\t\t<\/div>\n\t\t\t\t<\/div>\n\t\t<div class=\"elementor-element elementor-element-c4c1c9c e-con-boxed e-flex e-con\" data-id=\"c4c1c9c\" data-element_type=\"container\" data-settings=\"{&quot;content_width&quot;:&quot;boxed&quot;}\">\n\t\t\t\t\t<div class=\"e-con-inner\">\n\t\t\t\t<div class=\"elementor-element elementor-element-ff9fefc elementor-widget elementor-widget-wpforms\" data-id=\"ff9fefc\" data-element_type=\"widget\" data-widget_type=\"wpforms.default\">\n\t\t\t\t<div class=\"elementor-widget-container\">\n\t\t\t<div class=\"wpforms-container wpforms-container-full\" id=\"wpforms-582\"><form id=\"wpforms-form-582\" class=\"wpforms-validate wpforms-form wpforms-ajax-form\" data-formid=\"582\" method=\"post\" enctype=\"multipart\/form-data\" action=\"\/eng\/wp-json\/wp\/v2\/pages\/80\" data-token=\"8210d353687eeecfa985299f491f4af6\" data-trp-original-action=\"\/eng\/wp-json\/wp\/v2\/pages\/80\"><noscript class=\"wpforms-error-noscript\">Please enable JavaScript in your browser to complete this form.<\/noscript><div class=\"wpforms-field-container\"><div id=\"wpforms-582-field_0-container\" class=\"wpforms-field wpforms-field-name\" data-field-id=\"0\"><label class=\"wpforms-field-label\" for=\"wpforms-582-field_0\">Name <span class=\"wpforms-required-label\">*<\/span><\/label><div class=\"wpforms-field-row wpforms-field-medium\"><div class=\"wpforms-field-row-block wpforms-first wpforms-one-half\"><input type=\"text\" id=\"wpforms-582-field_0\" class=\"wpforms-field-name-first wpforms-field-required\" name=\"wpforms[fields][0][first]\" required><label for=\"wpforms-582-field_0\" class=\"wpforms-field-sublabel after\">First<\/label><\/div><div class=\"wpforms-field-row-block wpforms-one-half\"><input type=\"text\" id=\"wpforms-582-field_0-last\" class=\"wpforms-field-name-last wpforms-field-required\" name=\"wpforms[fields][0][last]\" required><label for=\"wpforms-582-field_0-last\" class=\"wpforms-field-sublabel after\">Last<\/label><\/div><\/div><\/div><div id=\"wpforms-582-field_1-container\" class=\"wpforms-field wpforms-field-email\" data-field-id=\"1\"><label class=\"wpforms-field-label\" for=\"wpforms-582-field_1\">E-Mail <span class=\"wpforms-required-label\">*<\/span><\/label><input type=\"email\" id=\"wpforms-582-field_1\" class=\"wpforms-field-medium wpforms-field-required\" name=\"wpforms[fields][1]\" spellcheck=\"false\" required><\/div><div id=\"wpforms-582-field_2-container\" class=\"wpforms-field wpforms-field-textarea\" data-field-id=\"2\"><label class=\"wpforms-field-label\" for=\"wpforms-582-field_2\">Kommentar oder Nachricht<\/label><textarea id=\"wpforms-582-field_2\" class=\"wpforms-field-medium\" name=\"wpforms[fields][2]\" ><\/textarea><\/div><\/div><!-- .wpforms-field-container --><div class=\"wpforms-submit-container\" ><input type=\"hidden\" name=\"wpforms[id]\" value=\"582\"><input type=\"hidden\" name=\"wpforms[author]\" value=\"1\"><button type=\"submit\" name=\"wpforms[submit]\" id=\"wpforms-submit-582\" class=\"wpforms-submit\" data-alt-text=\"Senden\u2026\" data-submit-text=\"Absenden\" aria-live=\"assertive\" value=\"wpforms-submit\">Absenden<\/button><img decoding=\"async\" loading=\"lazy\" src=\"https:\/\/luisbeltingsolutions.com\/wp-content\/plugins\/wpforms-lite\/assets\/images\/submit-spin.svg\" class=\"wpforms-submit-spinner\" style=\"display: none;\" width=\"26\" height=\"26\" alt=\"Loading\"><\/div><input type=\"hidden\" name=\"trp-form-language\" value=\"eng\"\/><\/form><\/div>  <!-- .wpforms-container -->\t\t<\/div>\n\t\t\t\t<\/div>\n\t\t\t\t\t<\/div>\n\t\t\t\t<\/div>\n\t\t<div class=\"elementor-element elementor-element-4691a4d e-con-full e-flex e-con\" data-id=\"4691a4d\" data-element_type=\"container\" data-settings=\"{&quot;content_width&quot;:&quot;full&quot;,&quot;background_background&quot;:&quot;classic&quot;}\">\n\t\t<div class=\"elementor-element elementor-element-e04825e e-con-full e-flex e-con\" data-id=\"e04825e\" data-element_type=\"container\" data-settings=\"{&quot;content_width&quot;:&quot;full&quot;,&quot;background_background&quot;:&quot;classic&quot;}\">\n\t\t<div class=\"elementor-element elementor-element-e6aef1e e-con-full e-flex e-con\" data-id=\"e6aef1e\" data-element_type=\"container\" data-settings=\"{&quot;content_width&quot;:&quot;full&quot;}\">\n\t\t\t\t<div class=\"elementor-element elementor-element-0d3dcc1 elementor-widget elementor-widget-image\" data-id=\"0d3dcc1\" data-element_type=\"widget\" data-widget_type=\"image.default\">\n\t\t\t\t<div class=\"elementor-widget-container\">\n\t\t\t<style>\/*! elementor - v3.13.2 - 11-05-2023 *\/\n.elementor-widget-image{text-align:center}.elementor-widget-image a{display:inline-block}.elementor-widget-image a img[src$=\".svg\"]{width:48px}.elementor-widget-image img{vertical-align:middle;display:inline-block}<\/style>\t\t\t\t\t\t\t\t\t\t\t\t<img decoding=\"async\" width=\"845\" height=\"150\" src=\"https:\/\/luisbeltingsolutions.com\/wp-content\/uploads\/2023\/03\/logo_white.png\" class=\"attachment-large size-large wp-image-300\" alt=\"\" loading=\"lazy\" srcset=\"https:\/\/luisbeltingsolutions.com\/wp-content\/uploads\/2023\/03\/logo_white.png 845w, https:\/\/luisbeltingsolutions.com\/wp-content\/uploads\/2023\/03\/logo_white-300x53.png 300w, https:\/\/luisbeltingsolutions.com\/wp-content\/uploads\/2023\/03\/logo_white-768x136.png 768w\" sizes=\"(max-width: 845px) 100vw, 845px\" \/>\t\t\t\t\t\t\t\t\t\t\t\t\t\t\t<\/div>\n\t\t\t\t<\/div>\n\t\t\t\t<\/div>\n\t\t<div class=\"elementor-element elementor-element-def3f26 e-con-full e-flex e-con\" data-id=\"def3f26\" data-element_type=\"container\" data-settings=\"{&quot;content_width&quot;:&quot;full&quot;}\">\n\t\t\t\t<div class=\"elementor-element elementor-element-1924639 elementor-widget elementor-widget-text-editor\" data-id=\"1924639\" data-element_type=\"widget\" data-widget_type=\"text-editor.default\">\n\t\t\t\t<div class=\"elementor-widget-container\">\n\t\t\t\t\t\t\t<p><b>From Germany to the whole world <br><\/b> Luisbeltingsolutins GmbH<br>Robert-Bosch-Str. 5, 72654<br>Neckartenzlingen Germany<\/p>\t\t\t\t\t\t<\/div>\n\t\t\t\t<\/div>\n\t\t\t\t<\/div>\n\t\t<div class=\"elementor-element elementor-element-940df4a e-con-full e-flex e-con\" data-id=\"940df4a\" data-element_type=\"container\" data-settings=\"{&quot;content_width&quot;:&quot;full&quot;}\">\n\t\t\t\t<div class=\"elementor-element elementor-element-317efd7 elementor-widget elementor-widget-text-editor\" data-id=\"317efd7\" data-element_type=\"widget\" data-widget_type=\"text-editor.default\">\n\t\t\t\t<div class=\"elementor-widget-container\">\n\t\t\t\t\t\t\t<p>Tel.: +49 7127 \/ 98 01 83<br>Fax: +49 7127 \/ 98 03 83<br>Mobil: +49 160 \/ 90 32 80 27<br>info@luisbeltingsolutions.com<\/p>\t\t\t\t\t\t<\/div>\n\t\t\t\t<\/div>\n\t\t\t\t<\/div>\n\t\t<div class=\"elementor-element elementor-element-bd9c343 e-con-full e-flex e-con\" data-id=\"bd9c343\" data-element_type=\"container\" data-settings=\"{&quot;content_width&quot;:&quot;full&quot;}\">\n\t\t\t\t<div class=\"elementor-element elementor-element-7e5ecfe elementor-widget elementor-widget-text-editor\" data-id=\"7e5ecfe\" data-element_type=\"widget\" data-widget_type=\"text-editor.default\">\n\t\t\t\t<div class=\"elementor-widget-container\">\n\t\t\t\t\t\t\t<p><a style=\"color: #fff;\" href=\"https:\/\/luisbeltingsolutions.com\/eng\/agb\/\">Terms and conditions<\/a><br \/><a style=\"color: #fff;\" href=\"https:\/\/luisbeltingsolutions.com\/eng\/datenschutz\/\">Legal Disclaimer<\/a><br \/><a style=\"color: #fff;\" href=\"https:\/\/luisbeltingsolutions.com\/eng\/impressum\/\">Legal Notice<\/a><\/p>\t\t\t\t\t\t<\/div>\n\t\t\t\t<\/div>\n\t\t\t\t<div class=\"elementor-element elementor-element-b3bb66e elementor-view-default elementor-widget elementor-widget-icon\" data-id=\"b3bb66e\" data-element_type=\"widget\" data-widget_type=\"icon.default\">\n\t\t\t\t<div class=\"elementor-widget-container\">\n\t\t\t\t\t<div class=\"elementor-icon-wrapper\">\n\t\t\t<a class=\"elementor-icon\" href=\"https:\/\/instagram.com\/luisbeltingsolutions?igshid=NTc4MTIwNjQ2YQ==\">\n\t\t\t<i aria-hidden=\"true\" class=\"fab fa-instagram\"><\/i>\t\t\t<\/a>\n\t\t<\/div>\n\t\t\t\t<\/div>\n\t\t\t\t<\/div>\n\t\t\t\t<\/div>\n\t\t\t\t<\/div>\n\t\t\t\t<\/div>\n\t\t\t\t\t\t\t<\/div>","protected":false},"excerpt":{"rendered":"<p>In uns finden Sie den idealen Partner.Pers\u00f6nliche Beratung &#8211; H\u00f6chste Qualit\u00e4t &#8211; 24h Notfallservice &#8211; Made in Germany Beratung anfordern. Von Deutschland in die ganze Welt Luisbeltingsolutins GmbHRobert-Bosch-Str. 5, 72654Neckartenzlingen Germany Tel.: +49 7127 \/ 98 01 83Fax: +49 7127 \/ 98 03 83Mobil: +49 160 \/ 90 32 80 27info@luisbeltingsolutions.com AGBDatenschutzImpressum<\/p>","protected":false},"author":1,"featured_media":0,"parent":0,"menu_order":0,"comment_status":"closed","ping_status":"closed","template":"","meta":[],"blocksy_meta":{"styles_descriptor":{"styles":{"desktop":"","tablet":"","mobile":""},"google_fonts":[],"version":5}},"yoast_head":"<!-- This site is optimized with the Yoast SEO plugin v20.7 - https:\/\/yoast.com\/wordpress\/plugins\/seo\/ -->\n<title>Kontakt | Luisbeltingsolutions<\/title>\n<meta name=\"description\" content=\"Seit \u00fcber 20 Jahren produziert Luis in Baden-W\u00fcrttemberg Antriebs- und Transportelemente aus Kunststoff f\u00fcr alle Industriebereiche.\" \/>\n<meta name=\"robots\" content=\"index, follow, max-snippet:-1, max-image-preview:large, max-video-preview:-1\" \/>\n<link rel=\"canonical\" href=\"https:\/\/luisbeltingsolutions.com\/eng\/kontakt\/\" \/>\n<meta property=\"og:locale\" content=\"en_GB\" \/>\n<meta property=\"og:type\" content=\"article\" \/>\n<meta property=\"og:title\" content=\"Kontakt | Luisbeltingsolutions\" \/>\n<meta property=\"og:description\" content=\"Seit \u00fcber 20 Jahren produziert Luis in Baden-W\u00fcrttemberg Antriebs- und Transportelemente aus Kunststoff f\u00fcr alle Industriebereiche.\" \/>\n<meta property=\"og:url\" content=\"https:\/\/luisbeltingsolutions.com\/eng\/kontakt\/\" \/>\n<meta property=\"og:site_name\" content=\"Topanbieter f\u00fcr F\u00f6rder- und Antriebsb\u00e4nder Baden-W\u00fcrttemberg | Luis Belting Solutions\" \/>\n<meta property=\"article:modified_time\" content=\"2023-06-24T08:32:29+00:00\" \/>\n<meta property=\"og:image\" content=\"https:\/\/luisbeltingsolutions.com\/wp-content\/uploads\/2023\/03\/logo_white.png\" \/>\n<meta name=\"twitter:card\" content=\"summary_large_image\" \/>\n<meta name=\"twitter:label1\" content=\"Estimated reading time\" \/>\n\t<meta name=\"twitter:data1\" content=\"1 minute\" \/>\n<script type=\"application\/ld+json\" class=\"yoast-schema-graph\">{\"@context\":\"https:\/\/schema.org\",\"@graph\":[{\"@type\":\"WebPage\",\"@id\":\"https:\/\/luisbeltingsolutions.com\/kontakt\/\",\"url\":\"https:\/\/luisbeltingsolutions.com\/kontakt\/\",\"name\":\"Kontakt | Luisbeltingsolutions\",\"isPartOf\":{\"@id\":\"https:\/\/luisbeltingsolutions.com\/#website\"},\"datePublished\":\"2023-02-17T13:01:22+00:00\",\"dateModified\":\"2023-06-24T08:32:29+00:00\",\"description\":\"Seit \u00fcber 20 Jahren produziert Luis in Baden-W\u00fcrttemberg Antriebs- und Transportelemente aus Kunststoff f\u00fcr alle Industriebereiche.\",\"breadcrumb\":{\"@id\":\"https:\/\/luisbeltingsolutions.com\/kontakt\/#breadcrumb\"},\"inLanguage\":\"en-GB\",\"potentialAction\":[{\"@type\":\"ReadAction\",\"target\":[\"https:\/\/luisbeltingsolutions.com\/kontakt\/\"]}]},{\"@type\":\"BreadcrumbList\",\"@id\":\"https:\/\/luisbeltingsolutions.com\/kontakt\/#breadcrumb\",\"itemListElement\":[{\"@type\":\"ListItem\",\"position\":1,\"name\":\"Startseite\",\"item\":\"https:\/\/luisbeltingsolutions.com\/\"},{\"@type\":\"ListItem\",\"position\":2,\"name\":\"Kontakt\"}]},{\"@type\":\"WebSite\",\"@id\":\"https:\/\/luisbeltingsolutions.com\/#website\",\"url\":\"https:\/\/luisbeltingsolutions.com\/\",\"name\":\"Topanbieter f\u00fcr F\u00f6rder- und Antriebsb\u00e4nder Baden-W\u00fcrttemberg | Luis Belting Solutions\",\"description\":\"Wir bieten unserem Kundenstamm ein kompetentes Leistungspaket mit individueller Beratung und Service vor Ort\",\"publisher\":{\"@id\":\"https:\/\/luisbeltingsolutions.com\/#organization\"},\"potentialAction\":[{\"@type\":\"SearchAction\",\"target\":{\"@type\":\"EntryPoint\",\"urlTemplate\":\"https:\/\/luisbeltingsolutions.com\/?s={search_term_string}\"},\"query-input\":\"required name=search_term_string\"}],\"inLanguage\":\"en-GB\"},{\"@type\":\"Organization\",\"@id\":\"https:\/\/luisbeltingsolutions.com\/#organization\",\"name\":\"Topanbieter f\u00fcr F\u00f6rder- und Antriebsb\u00e4nder Baden-W\u00fcrttemberg | Luis Belting Solutions\",\"url\":\"https:\/\/luisbeltingsolutions.com\/\",\"logo\":{\"@type\":\"ImageObject\",\"inLanguage\":\"en-GB\",\"@id\":\"https:\/\/luisbeltingsolutions.com\/#\/schema\/logo\/image\/\",\"url\":\"https:\/\/luisbeltingsolutions.com\/wp-content\/uploads\/2023\/02\/Element-2.png\",\"contentUrl\":\"https:\/\/luisbeltingsolutions.com\/wp-content\/uploads\/2023\/02\/Element-2.png\",\"width\":845,\"height\":150,\"caption\":\"Topanbieter f\u00fcr F\u00f6rder- und Antriebsb\u00e4nder Baden-W\u00fcrttemberg | Luis Belting Solutions\"},\"image\":{\"@id\":\"https:\/\/luisbeltingsolutions.com\/#\/schema\/logo\/image\/\"}}]}<\/script>\n<!-- \/ Yoast SEO plugin. -->","yoast_head_json":{"title":"Kontakt | Luisbeltingsolutions","description":"Seit \u00fcber 20 Jahren produziert Luis in Baden-W\u00fcrttemberg Antriebs- und Transportelemente aus Kunststoff f\u00fcr alle Industriebereiche.","robots":{"index":"index","follow":"follow","max-snippet":"max-snippet:-1","max-image-preview":"max-image-preview:large","max-video-preview":"max-video-preview:-1"},"canonical":"https:\/\/luisbeltingsolutions.com\/eng\/kontakt\/","og_locale":"en_GB","og_type":"article","og_title":"Kontakt | Luisbeltingsolutions","og_description":"Seit \u00fcber 20 Jahren produziert Luis in Baden-W\u00fcrttemberg Antriebs- und Transportelemente aus Kunststoff f\u00fcr alle Industriebereiche.","og_url":"https:\/\/luisbeltingsolutions.com\/eng\/kontakt\/","og_site_name":"Topanbieter f\u00fcr F\u00f6rder- und Antriebsb\u00e4nder Baden-W\u00fcrttemberg | Luis Belting Solutions","article_modified_time":"2023-06-24T08:32:29+00:00","og_image":[{"url":"https:\/\/luisbeltingsolutions.com\/wp-content\/uploads\/2023\/03\/logo_white.png"}],"twitter_card":"summary_large_image","twitter_misc":{"Estimated reading time":"1 minute"},"schema":{"@context":"https:\/\/schema.org","@graph":[{"@type":"WebPage","@id":"https:\/\/luisbeltingsolutions.com\/kontakt\/","url":"https:\/\/luisbeltingsolutions.com\/kontakt\/","name":"Kontakt | Luisbeltingsolutions","isPartOf":{"@id":"https:\/\/luisbeltingsolutions.com\/#website"},"datePublished":"2023-02-17T13:01:22+00:00","dateModified":"2023-06-24T08:32:29+00:00","description":"Seit \u00fcber 20 Jahren produziert Luis in Baden-W\u00fcrttemberg Antriebs- und Transportelemente aus Kunststoff f\u00fcr alle Industriebereiche.","breadcrumb":{"@id":"https:\/\/luisbeltingsolutions.com\/kontakt\/#breadcrumb"},"inLanguage":"en-GB","potentialAction":[{"@type":"ReadAction","target":["https:\/\/luisbeltingsolutions.com\/kontakt\/"]}]},{"@type":"BreadcrumbList","@id":"https:\/\/luisbeltingsolutions.com\/kontakt\/#breadcrumb","itemListElement":[{"@type":"ListItem","position":1,"name":"Startseite","item":"https:\/\/luisbeltingsolutions.com\/"},{"@type":"ListItem","position":2,"name":"Kontakt"}]},{"@type":"WebSite","@id":"https:\/\/luisbeltingsolutions.com\/#website","url":"https:\/\/luisbeltingsolutions.com\/","name":"Topanbieter f\u00fcr F\u00f6rder- und Antriebsb\u00e4nder Baden-W\u00fcrttemberg | Luis Belting Solutions","description":"Wir bieten unserem Kundenstamm ein kompetentes Leistungspaket mit individueller Beratung und Service vor Ort","publisher":{"@id":"https:\/\/luisbeltingsolutions.com\/#organization"},"potentialAction":[{"@type":"SearchAction","target":{"@type":"EntryPoint","urlTemplate":"https:\/\/luisbeltingsolutions.com\/?s={search_term_string}"},"query-input":"required name=search_term_string"}],"inLanguage":"en-GB"},{"@type":"Organization","@id":"https:\/\/luisbeltingsolutions.com\/#organization","name":"Topanbieter f\u00fcr F\u00f6rder- und Antriebsb\u00e4nder Baden-W\u00fcrttemberg | Luis Belting Solutions","url":"https:\/\/luisbeltingsolutions.com\/","logo":{"@type":"ImageObject","inLanguage":"en-GB","@id":"https:\/\/luisbeltingsolutions.com\/#\/schema\/logo\/image\/","url":"https:\/\/luisbeltingsolutions.com\/wp-content\/uploads\/2023\/02\/Element-2.png","contentUrl":"https:\/\/luisbeltingsolutions.com\/wp-content\/uploads\/2023\/02\/Element-2.png","width":845,"height":150,"caption":"Topanbieter f\u00fcr F\u00f6rder- und Antriebsb\u00e4nder Baden-W\u00fcrttemberg | Luis Belting Solutions"},"image":{"@id":"https:\/\/luisbeltingsolutions.com\/#\/schema\/logo\/image\/"}}]}},"_links":{"self":[{"href":"https:\/\/luisbeltingsolutions.com\/eng\/wp-json\/wp\/v2\/pages\/80"}],"collection":[{"href":"https:\/\/luisbeltingsolutions.com\/eng\/wp-json\/wp\/v2\/pages"}],"about":[{"href":"https:\/\/luisbeltingsolutions.com\/eng\/wp-json\/wp\/v2\/types\/page"}],"author":[{"embeddable":true,"href":"https:\/\/luisbeltingsolutions.com\/eng\/wp-json\/wp\/v2\/users\/1"}],"replies":[{"embeddable":true,"href":"https:\/\/luisbeltingsolutions.com\/eng\/wp-json\/wp\/v2\/comments?post=80"}],"version-history":[{"count":32,"href":"https:\/\/luisbeltingsolutions.com\/eng\/wp-json\/wp\/v2\/pages\/80\/revisions"}],"predecessor-version":[{"id":1398,"href":"https:\/\/luisbeltingsolutions.com\/eng\/wp-json\/wp\/v2\/pages\/80\/revisions\/1398"}],"wp:attachment":[{"href":"https:\/\/luisbeltingsolutions.com\/eng\/wp-json\/wp\/v2\/media?parent=80"}],"curies":[{"name":"wp","href":"https:\/\/api.w.org\/{rel}","templated":true}]}}